{"id":212,"date":"2017-01-03T20:14:05","date_gmt":"2017-01-03T20:14:05","guid":{"rendered":"https:\/\/szepczacekruki.pl\/startseite\/"},"modified":"2019-11-30T09:14:53","modified_gmt":"2019-11-30T09:14:53","slug":"startseite","status":"publish","type":"page","link":"https:\/\/szepczacekruki.pl\/de\/","title":{"rendered":"STARTSEITE"},"content":{"rendered":"<p>[vc_row content_placement=&#8221;top&#8221; parallax=&#8221;content-moving-fade&#8221; css=&#8221;.vc_custom_1485000408030{padding-top: 50px !important;padding-right: 50px !important;padding-bottom: 50px !important;padding-left: 50px !important;background-image: url(https:\/\/szepczacekruki.pl\/wp-content\/uploads\/2016\/12\/nowe-tlo2.png?id=517) !important;}&#8221;][vc_column width=&#8221;1\/4&#8243;][\/vc_column][vc_column width=&#8221;1\/2&#8243;][vc_column_text css=&#8221;.vc_custom_1522789372678{padding-bottom: 20px !important;}&#8221;]<\/p>\n<h6><em><strong>&#8220;<\/strong><\/em><em><strong>Was Sie hier sehen entstand in den Seelen unseren Vorfahren.<br \/>\nEs entstand aus unverseuchter Materie und wahrscheinlich wird es deshalb niemals sterben.&#8221;<\/strong><\/em><\/h6>\n<h2>Szepcz\u0105ce Kruki &#8211; Truhe voll von Repliken<\/h2>\n<p>[\/vc_column_text][vc_column_text css=&#8221;.vc_custom_1522792065712{padding-top: 10px !important;}&#8221;]<strong><u>Herstellung der Repliken von Denkm\u00e4lern.<\/u><\/strong><\/p>\n<p>Herstellung der Repliken von Schmuck und anderen Objekten, f\u00fcr historische Rekonstruktionen und Museumsausstellungen, basierend auf arch\u00e4ologischen Funden. W\u00e4hrend wir das Wachsmodell der Replik mit Aufmerksamkeit modellieren, nach vorherigem Vergleich aller Analogien des gegebenen Artefakts und Sammeln aller Informationen dar\u00fcber, rekonstruieren wir jedes Detail, das auf dem Objekt sichtbar ist. Die Abgussmodelle der Repliken sind im Bienenwachs mit Additiven geschnitzt. Wachsmodelle werden mit einfachen Werkzeugen, ohne Hilfe von Pr\u00e4zisions-Elektrowerkzeugen hergestellt. Wie vor Jahrhunderten giesen wir Repliken mit drei Methoden, abh\u00e4ngig von der Komplexit\u00e4t des Objekts. Wir giesen Metall in die Hohlformen, Kistenformen Steinformen und durch Wachsausschmelzen.[\/vc_column_text][vc_column_text css=&#8221;.vc_custom_1522792226063{padding-top: 20px !important;}&#8221;]<strong><u>Historische Show<\/u><\/strong><strong><u>,<\/u><\/strong><strong><u>Kampf der Krieger,\u00a0<\/u><\/strong><strong><u>\u00a0altes Handwerk und alles, mit den fr\u00fchen Jahrhunderten zusammenh\u00e4ngt.<\/u><\/strong><\/p>\n<ul>\n<li>Historische Ausstellungen in Museen, Freilichtmuseen, Schulen.<\/li>\n<li>Organisation historischer Festivals, historischer Picknicks und Inszenierungen.<\/li>\n<li>Historische Workshops f\u00fcr Kinder, Jugendliche und Erwachsene.<\/li>\n<\/ul>\n<p>[\/vc_column_text][\/vc_column][vc_column width=&#8221;1\/4&#8243;][\/vc_column][\/vc_row][vc_row css=&#8221;.vc_custom_1483369018862{padding-top: 50px !important;padding-right: 50px !important;padding-bottom: 50px !important;padding-left: 50px !important;}&#8221;][vc_column width=&#8221;1\/3&#8243;][vc_column_text]<\/p>\n<h2>Hier bin ich &#8211; Mojmira z Horodnej:<\/h2>\n<h2 style=\"text-align: center\"><img loading=\"lazy\" class=\"size-full wp-image-54 aligncenter\" src=\"https:\/\/szepczacekruki.pl\/wp-content\/uploads\/2016\/12\/Mojmira-z-Horodnej.jpg\" alt=\"\" width=\"206\" height=\"262\" \/><\/h2>\n<p>[\/vc_column_text][\/vc_column][vc_column width=&#8221;2\/3&#8243;][vc_column_text]Und alles begann so&#8230;&#8230;.<\/p>\n<p>Zehn Jahre sind vorbei&#8230;. Begeistert von der fr\u00fchmittelalterlichen Geschichte, wunderbarer materieller Kultur unserer Vorfahren machte ich die ersten Versuche, Sch\u00e4tze aus alten Zeiten zu rekonstruieren. Das war nicht einfach &#8230;.. Ich hatte keine k\u00fcnstlerische Ausbildung und Arch\u00e4ologie war mir damals v\u00f6llig fremd. Meine Freunde und meine Verwandten dr\u00e4ngten mich zum Handwerk. Von ihnen erhielt ich die ersten B\u00fccher, wissenschaftliche Studien von Denkm\u00e4lern, Hinweise, Bestellungen und Anerkennung. Das L\u00e4cheln erscheint auf dem Gesicht, wenn man auf meine ersten Wachsmodele oder Abg\u00fcsse von Repliken (Schnallen und Lunulen), die ich noch irgendwo habe.<\/p>\n<p>Zurzeit versuche ich vor Beginn meiner Arbeit alle Informationen \u00fcber das Artefakt zu sammeln, an dem ich interessiert bin. Der Formung des Wachsmodells geht der Vergleich aller untersuchten Denkmalalanalogien voraus und &#8220;Entschl\u00fcsselung&#8221; der dekorativen Motive, die das Objekt bilden.<\/p>\n<p>Dann gehrt nur m\u00fchsame skulpturale Arbeit.<\/p>\n<p><em>Ich widme mein Kunsthandwerk: Lubomir, Sonia, Emilka und meiner Mutti \u2013 diejenigen, die die ganze Welt f\u00fcr mich sind.<\/em><\/p>\n<p>&nbsp;[\/vc_column_text][\/vc_column][\/vc_row][vc_row css=&#8221;.vc_custom_1569341895532{padding-top: 50px !important;padding-right: 50px !important;padding-bottom: 50px !important;padding-left: 50px !important;}&#8221;][vc_column width=&#8221;1\/3&#8243;][vc_single_image image=&#8221;5229&#8243; img_size=&#8221;full&#8221; alignment=&#8221;center&#8221; onclick=&#8221;custom_link&#8221; link=&#8221;https:\/\/www.facebook.com\/pg\/kram.szepczacekruki\/photos\/?tab=albums&#8221;][\/vc_column][vc_column width=&#8221;1\/3&#8243;][vc_single_image image=&#8221;5241&#8243; img_size=&#8221;full&#8221; alignment=&#8221;center&#8221; onclick=&#8221;custom_link&#8221; link=&#8221;https:\/\/www.facebook.com\/pg\/kram.szepczacekruki\/photos\/?tab=albums&#8221;][\/vc_column][vc_column width=&#8221;1\/3&#8243;][vc_single_image image=&#8221;5217&#8243; img_size=&#8221;full&#8221; alignment=&#8221;center&#8221; onclick=&#8221;custom_link&#8221; link=&#8221;https:\/\/www.facebook.com\/pg\/kram.szepczacekruki\/photos\/?tab=albums&#8221;][\/vc_column][\/vc_row]<\/p>\n","protected":false},"excerpt":{"rendered":"<p>[vc_row content_placement=&#8221;top&#8221; parallax=&#8221;content-moving-fade&#8221; css=&#8221;.vc_custom_1485000408030{padding-top: 50px !important;padding-right: 50px !important;padding-bottom: 50px !important;padding-left: 50px !important;background-image: url(https:\/\/szepczacekruki.pl\/wp-content\/uploads\/2016\/12\/nowe-tlo2.png?id=517) !important;}&#8221;][vc_column width=&#8221;1\/4&#8243;][\/vc_column][vc_column width=&#8221;1\/2&#8243;][vc_column_text css=&#8221;.vc_custom_1522789372678{padding-bottom: 20px !important;}&#8221;] &#8220;Was Sie hier sehen entstand in den Seelen unseren Vorfahren. Es entstand aus unverseuchter Materie und wahrscheinlich wird es deshalb niemals sterben.&#8221; Szepcz\u0105ce Kruki &#8211; Truhe voll von Repliken [\/vc_column_text][vc_column_text css=&#8221;.vc_custom_1522792065712{padding-top: 10px !important;}&#8221;]Herstellung der Repliken von&#8230; <a class=\"read-more p-color\" rel=\"bookmark\" title=\"STARTSEITE\" href=\"https:\/\/szepczacekruki.pl\/de\/\">View more<\/a><\/p>\n","protected":false},"author":1,"featured_media":0,"parent":0,"menu_order":0,"comment_status":"closed","ping_status":"closed","template":"","meta":{"_mi_skip_tracking":false},"_links":{"self":[{"href":"https:\/\/szepczacekruki.pl\/de\/wp-json\/wp\/v2\/pages\/212"}],"collection":[{"href":"https:\/\/szepczacekruki.pl\/de\/wp-json\/wp\/v2\/pages"}],"about":[{"href":"https:\/\/szepczacekruki.pl\/de\/wp-json\/wp\/v2\/types\/page"}],"author":[{"embeddable":true,"href":"https:\/\/szepczacekruki.pl\/de\/wp-json\/wp\/v2\/users\/1"}],"replies":[{"embeddable":true,"href":"https:\/\/szepczacekruki.pl\/de\/wp-json\/wp\/v2\/comments?post=212"}],"version-history":[{"count":47,"href":"https:\/\/szepczacekruki.pl\/de\/wp-json\/wp\/v2\/pages\/212\/revisions"}],"predecessor-version":[{"id":5857,"href":"https:\/\/szepczacekruki.pl\/de\/wp-json\/wp\/v2\/pages\/212\/revisions\/5857"}],"wp:attachment":[{"href":"https:\/\/szepczacekruki.pl\/de\/wp-json\/wp\/v2\/media?parent=212"}],"curies":[{"name":"wp","href":"https:\/\/api.w.org\/{rel}","templated":true}]}}