{"id":243,"date":"2016-12-20T22:52:37","date_gmt":"2017-01-03T20:33:18","guid":{"rendered":"https:\/\/szepczacekruki.pl\/ueber-uns\/"},"modified":"2018-11-27T22:36:34","modified_gmt":"2018-11-27T22:36:34","slug":"ueber-uns","status":"publish","type":"page","link":"https:\/\/szepczacekruki.pl\/de\/ueber-uns\/","title":{"rendered":"\u00dcber uns"},"content":{"rendered":"<p>[vc_row content_placement=&#8221;top&#8221; parallax=&#8221;content-moving-fade&#8221; css=&#8221;.vc_custom_1485000337205{padding-top: 50px !important;padding-right: 50px !important;padding-bottom: 50px !important;padding-left: 50px !important;background-image: url(https:\/\/szepczacekruki.pl\/wp-content\/uploads\/2016\/12\/nowe-tlo2.png?id=517) !important;}&#8221;][vc_column width=&#8221;1\/4&#8243;][\/vc_column][vc_column width=&#8221;1\/2&#8243;][vc_column_text css=&#8221;.vc_custom_1543358071577{padding-top: 20px !important;padding-bottom: 20px !important;}&#8221;]<\/p>\n<h6><strong><em>&#8220;<\/em><\/strong><strong><em>Was Sie hier sehen entstand in den Seelen unseren Vorfahren.<br \/>\nEs entstand aus unverseuchter Materie und wahrscheinlich wird es deshalb niemals sterben.&#8221;<\/em><\/strong><\/h6>\n<p id=\"tw-target-text\" class=\"tw-data-text tw-ta tw-text-small\" dir=\"ltr\" data-placeholder=\"T\u0142umaczenie\"><span lang=\"de\">Wir sind seit 10 Jahren in der historischen Nachstellung aktiv. Die Gruppe, zu der wir geh\u00f6ren: Horodna Gord Team. Reenactment ist f\u00fcr uns ein wunderbares Hobby. Nachstellung erm\u00f6glicht uns, unz\u00e4hlige gro\u00dfe Bekanntschaften und Freundschaften zu pflegen, um eine Gemeinschaft innerhalb des Teams und Teamallianzen zu schaffen. Wir wissen nicht, wie wir die Tradition und die Kultur unserer Vorfahren vor dem Vergessen ver\u00e4ndern k\u00f6nnen. Hagel! Wir gr\u00fc\u00dfen unsere Vorfahren!<\/span><\/p>\n<p>[\/vc_column_text][vc_column_text]<\/p>\n<p>[\/vc_column_text][vc_row_inner][vc_column_inner width=&#8221;1\/2&#8243;][vc_column_text css=&#8221;.vc_custom_1522785307713{margin-top: 10px !important;margin-bottom: 5px !important;}&#8221;]<\/p>\n<h3 style=\"text-align: center;\">Mit Team der Burg of Horodna<\/h3>\n<p>[\/vc_column_text][vc_gallery type=&#8221;image_grid&#8221; images=&#8221;2972&#8243; img_size=&#8221;400&#215;400&#8243; css_animation=&#8221;zoomIn&#8221;][vc_icon type=&#8221;fontawesome&#8221; icon_fontawesome=&#8221;fa fa-search-plus&#8221; color=&#8221;white&#8221; background_style=&#8221;rounded&#8221; background_color=&#8221;orange&#8221; size=&#8221;lg&#8221; align=&#8221;center&#8221;][\/vc_column_inner][vc_column_inner width=&#8221;1\/2&#8243;][vc_column_text css=&#8221;.vc_custom_1522785317848{margin-top: 10px !important;margin-bottom: 5px !important;}&#8221;]<\/p>\n<h3 id=\"\\\\\\&quot;tw-target-text\\\\\\&quot;\" class=\"\\\\\\&quot;tw-data-text\" dir=\"\\\\\\&quot;ltr\\\\\\&quot;\" style=\"text-align: center;\" data-placeholder=\"\\\\\\&quot;T\u0142umaczenie\\\\\\&quot;\"><span lang=\"\\\\\\&quot;de\\\\\\&quot;\">Handwerk<\/span><\/h3>\n<p>[\/vc_column_text][vc_gallery type=&#8221;image_grid&#8221; images=&#8221;2980&#8243; img_size=&#8221;400&#215;400&#8243; css_animation=&#8221;zoomIn&#8221;][vc_icon type=&#8221;fontawesome&#8221; icon_fontawesome=&#8221;fa fa-search-plus&#8221; color=&#8221;white&#8221; background_style=&#8221;rounded&#8221; background_color=&#8221;orange&#8221; size=&#8221;lg&#8221; align=&#8221;center&#8221;][\/vc_column_inner][\/vc_row_inner][\/vc_column][vc_column width=&#8221;1\/4&#8243;][\/vc_column][\/vc_row][vc_row][vc_column][\/vc_column][\/vc_row]<\/p>\n","protected":false},"excerpt":{"rendered":"<p>[vc_row content_placement=&#8221;top&#8221; parallax=&#8221;content-moving-fade&#8221; css=&#8221;.vc_custom_1485000337205{padding-top: 50px !important;padding-right: 50px !important;padding-bottom: 50px !important;padding-left: 50px !important;background-image: url(https:\/\/szepczacekruki.pl\/wp-content\/uploads\/2016\/12\/nowe-tlo2.png?id=517) !important;}&#8221;][vc_column width=&#8221;1\/4&#8243;][\/vc_column][vc_column width=&#8221;1\/2&#8243;][vc_column_text css=&#8221;.vc_custom_1543358071577{padding-top: 20px !important;padding-bottom: 20px !important;}&#8221;] &#8220;Was Sie hier sehen entstand in den Seelen unseren Vorfahren. Es entstand aus unverseuchter Materie und wahrscheinlich wird es deshalb niemals sterben.&#8221; Wir sind seit 10 Jahren in der historischen Nachstellung aktiv. Die Gruppe,&#8230; <a class=\"read-more p-color\" rel=\"bookmark\" title=\"\u00dcber uns\" href=\"https:\/\/szepczacekruki.pl\/de\/ueber-uns\/\">View more<\/a><\/p>\n","protected":false},"author":1,"featured_media":0,"parent":0,"menu_order":4,"comment_status":"closed","ping_status":"closed","template":"","meta":{"_mi_skip_tracking":false},"_links":{"self":[{"href":"https:\/\/szepczacekruki.pl\/de\/wp-json\/wp\/v2\/pages\/243"}],"collection":[{"href":"https:\/\/szepczacekruki.pl\/de\/wp-json\/wp\/v2\/pages"}],"about":[{"href":"https:\/\/szepczacekruki.pl\/de\/wp-json\/wp\/v2\/types\/page"}],"author":[{"embeddable":true,"href":"https:\/\/szepczacekruki.pl\/de\/wp-json\/wp\/v2\/users\/1"}],"replies":[{"embeddable":true,"href":"https:\/\/szepczacekruki.pl\/de\/wp-json\/wp\/v2\/comments?post=243"}],"version-history":[{"count":24,"href":"https:\/\/szepczacekruki.pl\/de\/wp-json\/wp\/v2\/pages\/243\/revisions"}],"predecessor-version":[{"id":3363,"href":"https:\/\/szepczacekruki.pl\/de\/wp-json\/wp\/v2\/pages\/243\/revisions\/3363"}],"wp:attachment":[{"href":"https:\/\/szepczacekruki.pl\/de\/wp-json\/wp\/v2\/media?parent=243"}],"curies":[{"name":"wp","href":"https:\/\/api.w.org\/{rel}","templated":true}]}}