{"id":2442,"date":"2018-03-25T22:17:54","date_gmt":"2018-03-25T22:17:54","guid":{"rendered":"https:\/\/szepczacekruki.pl\/urheberrecht\/"},"modified":"2019-01-03T08:55:39","modified_gmt":"2019-01-03T08:55:39","slug":"urheberrecht","status":"publish","type":"page","link":"https:\/\/szepczacekruki.pl\/de\/urheberrecht\/","title":{"rendered":"Urheberrecht"},"content":{"rendered":"<p>[vc_row][vc_column][vc_column_text]Das Angebot des Standes umfasst Metallabg\u00fcsse von handgemachten Skulpturen von Krystyna \u0141opata. Alle Inhalte auf dieser Webseite (Inhalte wie: Texte, Grafiken, Ikonen, Bilder, Fotos, Audio-, Video-, Datendateien, Pr\u00e4sentationen, Programme und andere Daten) unterliegen dem Rechtsschutz gem\u00e4\u00df den Bestimmungen des Gesetzes vom 4. Februar 1994 \u00fcber Urheberrecht und verwandte Schutzrechte (einheitlicher Text von 2017, Gesetzblatt von 2017, Artikel 880, in der ge\u00e4nderten Fassung).<\/p>\n<p>Kein Werk darf reproduziert oder verteilt werden in irgendeiner Form und in irgendeine Weise und auf allen Gebieten der Gewinnung, einschlie\u00dflich Kopieren, Fotokopieren und Digitalisieren einschlie\u00dflich der Ver\u00f6ffentlichung im Internet, ohne die schriftliche Zustimmung des Eigent\u00fcmers. Jegliche Verwendung oder Nutzung der Werke ganz oder teilweise ohne die Zustimmung des Eigent\u00fcmers f\u00fcr andere Zwecke als nichtkommerzielle private Zwecke ist eine Verletzung des Gesetzes. Weitere Verbreitung, erw\u00e4hnt in Art. 25 Par. 1 Buchstabe b des Gesetzes von 4 Februar 1994 \u00fcber Urheberrecht und verwandte Schutzrechte.<\/p>\n<p>Verwendung von Materialien f\u00fcr Zitierzwecke ist erlaubt zu Bedingungen und im Umfang, die durch die Bestimmungen\u00a0 des Gesetzes \u00fcber das Urheberrecht und verwandte Schutzrechte (Gesetzblatt von 2017, Punkt 880), , einschlie\u00dflich des\u00a0 obligatorischen Angabe der Zitatquelle. Kein Teil davon darf in irgendeiner Form (elektronisch, mechanisch oder anderweitig) ohne schriftliche Genehmigung (Auto Puls Janusz \u0141opata) verteilt oder kopiert werden.<\/p>\n<p>Die gesamte pr\u00e4sentierte Website geh\u00f6rt Krystyna \u0141opata und ist ein Werk im Sinne des Gesetzes vom 4. Februar 1994 \u00fcber das Urheberrecht und verwandte Schutzrechte. (Gesetzblatt von 2017, Punkt 880).[\/vc_column_text][\/vc_column][\/vc_row]<\/p>\n","protected":false},"excerpt":{"rendered":"<p>[vc_row][vc_column][vc_column_text]Das Angebot des Standes umfasst Metallabg\u00fcsse von handgemachten Skulpturen von Krystyna \u0141opata. Alle Inhalte auf dieser Webseite (Inhalte wie: Texte, Grafiken, Ikonen, Bilder, Fotos, Audio-, Video-, Datendateien, Pr\u00e4sentationen, Programme und andere Daten) unterliegen dem Rechtsschutz gem\u00e4\u00df den Bestimmungen des Gesetzes vom 4. Februar 1994 \u00fcber Urheberrecht und verwandte Schutzrechte (einheitlicher Text von 2017, Gesetzblatt von&#8230; <a class=\"read-more p-color\" rel=\"bookmark\" title=\"Urheberrecht\" href=\"https:\/\/szepczacekruki.pl\/de\/urheberrecht\/\">View more<\/a><\/p>\n","protected":false},"author":1,"featured_media":0,"parent":0,"menu_order":37,"comment_status":"closed","ping_status":"closed","template":"","meta":{"_mi_skip_tracking":false},"_links":{"self":[{"href":"https:\/\/szepczacekruki.pl\/de\/wp-json\/wp\/v2\/pages\/2442"}],"collection":[{"href":"https:\/\/szepczacekruki.pl\/de\/wp-json\/wp\/v2\/pages"}],"about":[{"href":"https:\/\/szepczacekruki.pl\/de\/wp-json\/wp\/v2\/types\/page"}],"author":[{"embeddable":true,"href":"https:\/\/szepczacekruki.pl\/de\/wp-json\/wp\/v2\/users\/1"}],"replies":[{"embeddable":true,"href":"https:\/\/szepczacekruki.pl\/de\/wp-json\/wp\/v2\/comments?post=2442"}],"version-history":[{"count":9,"href":"https:\/\/szepczacekruki.pl\/de\/wp-json\/wp\/v2\/pages\/2442\/revisions"}],"predecessor-version":[{"id":4372,"href":"https:\/\/szepczacekruki.pl\/de\/wp-json\/wp\/v2\/pages\/2442\/revisions\/4372"}],"wp:attachment":[{"href":"https:\/\/szepczacekruki.pl\/de\/wp-json\/wp\/v2\/media?parent=2442"}],"curies":[{"name":"wp","href":"https:\/\/api.w.org\/{rel}","templated":true}]}}