{"id":2446,"date":"2018-03-25T22:36:52","date_gmt":"2018-03-25T22:36:52","guid":{"rendered":"https:\/\/szepczacekruki.pl\/lieferung\/"},"modified":"2019-11-30T09:32:39","modified_gmt":"2019-11-30T09:32:39","slug":"lieferung","status":"publish","type":"page","link":"https:\/\/szepczacekruki.pl\/de\/lieferung\/","title":{"rendered":"Lieferung"},"content":{"rendered":"<p>Lieferdetails:<br \/>\n&#8211; Versandauftr\u00e4ge innerhalb von 2-8 Werktagen,<br \/>\n&#8211; Im Falle einer versp\u00e4teten Ausf\u00fchrung einer Bestellung werden wir den Besteller kontaktieren und die Einzelheiten festlegen<br \/>\n&#8211; der Haupttr\u00e4ger ist POCZTA POLSKA oder ein anderes Formular (nach Absprache mit dem Auftraggeber)<br \/>\n&#8211; Nach dem Versand stellen wir dem Besteller eine Tracking-Nummer zur Verf\u00fcgung, mit der der Weg verfolgt werden kann<\/p>\n","protected":false},"excerpt":{"rendered":"<p>Lieferdetails: &#8211; Versandauftr\u00e4ge innerhalb von 2-8 Werktagen, &#8211; Im Falle einer versp\u00e4teten Ausf\u00fchrung einer Bestellung werden wir den Besteller kontaktieren und die Einzelheiten festlegen &#8211; der Haupttr\u00e4ger ist POCZTA POLSKA oder ein anderes Formular (nach Absprache mit dem Auftraggeber) &#8211; Nach dem Versand stellen wir dem Besteller eine Tracking-Nummer zur Verf\u00fcgung, mit der der Weg&#8230; <a class=\"read-more p-color\" rel=\"bookmark\" title=\"Lieferung\" href=\"https:\/\/szepczacekruki.pl\/de\/lieferung\/\">View more<\/a><\/p>\n","protected":false},"author":1,"featured_media":0,"parent":0,"menu_order":35,"comment_status":"closed","ping_status":"closed","template":"","meta":{"_mi_skip_tracking":false},"_links":{"self":[{"href":"https:\/\/szepczacekruki.pl\/de\/wp-json\/wp\/v2\/pages\/2446"}],"collection":[{"href":"https:\/\/szepczacekruki.pl\/de\/wp-json\/wp\/v2\/pages"}],"about":[{"href":"https:\/\/szepczacekruki.pl\/de\/wp-json\/wp\/v2\/types\/page"}],"author":[{"embeddable":true,"href":"https:\/\/szepczacekruki.pl\/de\/wp-json\/wp\/v2\/users\/1"}],"replies":[{"embeddable":true,"href":"https:\/\/szepczacekruki.pl\/de\/wp-json\/wp\/v2\/comments?post=2446"}],"version-history":[{"count":2,"href":"https:\/\/szepczacekruki.pl\/de\/wp-json\/wp\/v2\/pages\/2446\/revisions"}],"predecessor-version":[{"id":5871,"href":"https:\/\/szepczacekruki.pl\/de\/wp-json\/wp\/v2\/pages\/2446\/revisions\/5871"}],"wp:attachment":[{"href":"https:\/\/szepczacekruki.pl\/de\/wp-json\/wp\/v2\/media?parent=2446"}],"curies":[{"name":"wp","href":"https:\/\/api.w.org\/{rel}","templated":true}]}}