{"id":1183,"date":"2018-02-16T11:16:46","date_gmt":"2018-02-16T11:18:41","guid":{"rendered":"https:\/\/szepczacekruki.pl\/?post_type=product&#038;p=1183"},"modified":"2023-02-07T11:15:35","modified_gmt":"2023-02-07T11:15:35","slug":"die-replik-gurtel-aus-sarkel-bielaja-wieza-rus","status":"publish","type":"product","link":"https:\/\/szepczacekruki.pl\/de\/nachbildung-der-mittelalterlichen-wikinger\/die-replik-gurtel-aus-sarkel-bielaja-wieza-rus\/","title":{"rendered":"Die Replik. G\u00fcrtel aus Sarkel (Bie\u0142aja Wie\u017ca). Rus"},"content":{"rendered":"<p>Die Replik.\u00a0G\u00fcrtel aus Sarkel (Bie\u0142aja Wie\u017ca). Rus<\/p>\n<p>Jahrhundert: XI<\/p>\n<p>Gefunden in: Sarkel (Bie\u0142aja Wie\u017ca). Rus<\/p>\n<p>Dimension: 25 mm<\/p>\n<p>Das Material: bronze<\/p>\n<p>Reihe von Elementen: Schnalle, G\u00fcrtelende, 52 pcs. Beschlag<\/p>\n<p>(Die M\u00f6glichkeit der Versilberung, Vergoldung von Bronze)<\/p>\n<p>Die L\u00e4nge der\u00a0G\u00fcrtel\u00a0\u00a0passen wir an die Taille des Kunden an.<\/p>\n<p>Hautfarbe hell \/ dunkelbraun<\/p>\n<p>Es ist m\u00f6glich, Armaturen f\u00fcr die Selbstmontage zu erwerben<\/p>\n","protected":false},"excerpt":{"rendered":"<p>Die Replik.\u00a0G\u00fcrtel aus Sarkel (Bie\u0142aja Wie\u017ca). Rus. Jahrhundert: XI. Gefunden in: Sarkel (Bie\u0142aja Wie\u017ca). Rus<\/p>\n","protected":false},"featured_media":2712,"template":"","meta":{"_mi_skip_tracking":false},"product_cat":[40,104],"product_tag":[],"_links":{"self":[{"href":"https:\/\/szepczacekruki.pl\/de\/wp-json\/wp\/v2\/product\/1183"}],"collection":[{"href":"https:\/\/szepczacekruki.pl\/de\/wp-json\/wp\/v2\/product"}],"about":[{"href":"https:\/\/szepczacekruki.pl\/de\/wp-json\/wp\/v2\/types\/product"}],"wp:featuredmedia":[{"embeddable":true,"href":"https:\/\/szepczacekruki.pl\/de\/wp-json\/wp\/v2\/media\/2712"}],"wp:attachment":[{"href":"https:\/\/szepczacekruki.pl\/de\/wp-json\/wp\/v2\/media?parent=1183"}],"wp:term":[{"taxonomy":"product_cat","embeddable":true,"href":"https:\/\/szepczacekruki.pl\/de\/wp-json\/wp\/v2\/product_cat?post=1183"},{"taxonomy":"product_tag","embeddable":true,"href":"https:\/\/szepczacekruki.pl\/de\/wp-json\/wp\/v2\/product_tag?post=1183"}],"curies":[{"name":"wp","href":"https:\/\/api.w.org\/{rel}","templated":true}]}}