{"id":1229,"date":"2018-02-16T11:08:16","date_gmt":"2018-02-16T11:09:39","guid":{"rendered":"https:\/\/szepczacekruki.pl\/?post_type=product&#038;p=1229"},"modified":"2025-11-26T20:09:25","modified_gmt":"2025-11-26T20:09:25","slug":"die-replik-ortband-fur-schwertscheide-grupa-i-typ-1a-wg-paulsen","status":"publish","type":"product","link":"https:\/\/szepczacekruki.pl\/de\/nachbildung-der-mittelalterlichen-wikinger\/die-replik-ortband-fur-schwertscheide-grupa-i-typ-1a-wg-paulsen\/","title":{"rendered":"Die Replik. ORTBAND F\u00dcR SCHWERTSCHEIDE. Grupa I typ 1a wg. Paulsen"},"content":{"rendered":"<p>Die Replik.\u00a0ORTBAND F\u00dcR SCHWERTSCHEIDE. Grupa I typ 1a wg. Paulsen<\/p>\n<p>Jahrhundert: X<\/p>\n<p>Gefunden in:<\/p>\n<p>1. Rus: Gniezdowo, Krutik, Nowogr\u00f3d, Gorodisce<\/p>\n<p>2. D\u00e4nemark: Hadeby<\/p>\n<p>3. Deutschland: Szlezwik<\/p>\n<p>4. Gotland<\/p>\n<p>5. Norwegen: R\u00f8rvik, N\u00e6r\u00f8y, Nord-Tr\u00f8ndelag<\/p>\n<p>6. Schweden: Birka( gr\u00f3b 944, gr\u00f3b 643, gr\u00f3b 750), Saltvik, Eneborg, Aland, Berg Hedesunda<\/p>\n<p>7. Lithuania: V\u0117\u017eai\u010diai, \u017d\u0105sinas<\/p>\n<p>8. Latvia: Auce Islandi<\/p>\n<p>Dimension: 72 mm x 44 mm<\/p>\n<p>Das Material: bronze<\/p>\n<p>(Die M\u00f6glichkeit der Versilberung, Vergoldung von Bronze)<\/p>\n<p>&nbsp;<\/p>\n","protected":false},"excerpt":{"rendered":"<p>Die Replik.\u00a0ORTBAND F\u00dcR SCHWERTSCHEIDE. Grupa I typ 1a wg. Paulsen. Jahrhundert: X. Gefunden in: 1. Rus: Gniezdowo, Krutik, Nowogr\u00f3d, Gorodisce; 2. D\u00e4nemark: Hadeby; 3. Deutschland: Szlezwik; \u00a04. Gotland; 5. Norwegen: R\u00f8rvik, N\u00e6r\u00f8y, Nord-Tr\u00f8ndelag; 6. Schweden: Birka( gr\u00f3b 944, gr\u00f3b 643, gr\u00f3b 750), Saltvik, Eneborg, Aland, Berg Hedesunda; 7. Lithuania: V\u0117\u017eai\u010diai, \u017d\u0105sinas; 8. Latvia: Auce Islandi<\/p>\n","protected":false},"featured_media":2919,"template":"","meta":{"_mi_skip_tracking":false},"product_cat":[43,120],"product_tag":[],"_links":{"self":[{"href":"https:\/\/szepczacekruki.pl\/de\/wp-json\/wp\/v2\/product\/1229"}],"collection":[{"href":"https:\/\/szepczacekruki.pl\/de\/wp-json\/wp\/v2\/product"}],"about":[{"href":"https:\/\/szepczacekruki.pl\/de\/wp-json\/wp\/v2\/types\/product"}],"wp:featuredmedia":[{"embeddable":true,"href":"https:\/\/szepczacekruki.pl\/de\/wp-json\/wp\/v2\/media\/2919"}],"wp:attachment":[{"href":"https:\/\/szepczacekruki.pl\/de\/wp-json\/wp\/v2\/media?parent=1229"}],"wp:term":[{"taxonomy":"product_cat","embeddable":true,"href":"https:\/\/szepczacekruki.pl\/de\/wp-json\/wp\/v2\/product_cat?post=1229"},{"taxonomy":"product_tag","embeddable":true,"href":"https:\/\/szepczacekruki.pl\/de\/wp-json\/wp\/v2\/product_tag?post=1229"}],"curies":[{"name":"wp","href":"https:\/\/api.w.org\/{rel}","templated":true}]}}