{"id":1238,"date":"2018-02-16T11:08:23","date_gmt":"2018-02-16T11:09:35","guid":{"rendered":"https:\/\/szepczacekruki.pl\/?post_type=product&#038;p=1238"},"modified":"2025-11-26T20:02:25","modified_gmt":"2025-11-26T20:02:25","slug":"die-replik-ortband-fur-schwertscheide-typ-iv-wg-paulsen","status":"publish","type":"product","link":"https:\/\/szepczacekruki.pl\/de\/nachbildung-der-mittelalterlichen-wikinger\/die-replik-ortband-fur-schwertscheide-typ-iv-wg-paulsen\/","title":{"rendered":"Die Replik. ORTBAND F\u00dcR SCHWERTSCHEIDE. Typ IV wg. Paulsen"},"content":{"rendered":"<p>Die Replik.\u00a0ORTBAND F\u00dcR SCHWERTSCHEIDE. Typ IV wg. Paulsen<\/p>\n<p>Jahrhundert: X-XI<\/p>\n<p>Gefunden in:<\/p>\n<p>1. Rus: Gniezdowo, Koroste\u0144, Sewastopol, Szestowica<\/p>\n<p>2. D\u00e4nemark: Hadeby<\/p>\n<p>3. Deutschland: Nimschutz<\/p>\n<p>4. Gotland<\/p>\n<p>5. Island: Shetelig, Ljarskogen<\/p>\n<p>6. Finnland<\/p>\n<p>7. Schweden<\/p>\n<p>8. England<\/p>\n<p>9. Bulgarien: Stana<\/p>\n<p>Dimension: 71 mm x 45 mm<\/p>\n<p>Das Material: bronze<\/p>\n<p>(Die M\u00f6glichkeit der Versilberung, Vergoldung von Bronze)<\/p>\n<p>&nbsp;<\/p>\n","protected":false},"excerpt":{"rendered":"<p>Die Replik.\u00a0ORTBAND F\u00dcR SCHWERTSCHEIDE. Typ IV wg. Paulsen. Jahrhundert: X-XI. Gefunden in: 1. Rus: Gniezdowo, Koroste\u0144, Sewastopol, Szestowica; 2. D\u00e4nemark: Hadeby; 3. Deutschland: Nimschutz; 4. Gotland; 5. Island: Shetelig, Ljarskogen; 6. Finnland; 7. Schweden; 8. England; 9. Bulgarien: Stana<\/p>\n","protected":false},"featured_media":2925,"template":"","meta":{"_mi_skip_tracking":false},"product_cat":[43,120],"product_tag":[],"_links":{"self":[{"href":"https:\/\/szepczacekruki.pl\/de\/wp-json\/wp\/v2\/product\/1238"}],"collection":[{"href":"https:\/\/szepczacekruki.pl\/de\/wp-json\/wp\/v2\/product"}],"about":[{"href":"https:\/\/szepczacekruki.pl\/de\/wp-json\/wp\/v2\/types\/product"}],"wp:featuredmedia":[{"embeddable":true,"href":"https:\/\/szepczacekruki.pl\/de\/wp-json\/wp\/v2\/media\/2925"}],"wp:attachment":[{"href":"https:\/\/szepczacekruki.pl\/de\/wp-json\/wp\/v2\/media?parent=1238"}],"wp:term":[{"taxonomy":"product_cat","embeddable":true,"href":"https:\/\/szepczacekruki.pl\/de\/wp-json\/wp\/v2\/product_cat?post=1238"},{"taxonomy":"product_tag","embeddable":true,"href":"https:\/\/szepczacekruki.pl\/de\/wp-json\/wp\/v2\/product_tag?post=1238"}],"curies":[{"name":"wp","href":"https:\/\/api.w.org\/{rel}","templated":true}]}}