{"id":1256,"date":"2018-02-16T11:04:16","date_gmt":"2018-02-16T11:05:35","guid":{"rendered":"https:\/\/szepczacekruki.pl\/?post_type=product&#038;p=1256"},"modified":"2025-11-26T20:10:35","modified_gmt":"2025-11-26T20:10:35","slug":"die-replik-ortband-fur-schwertscheide-grupa-i-typ-1a-wg-kazakevicius","status":"publish","type":"product","link":"https:\/\/szepczacekruki.pl\/de\/nachbildung-der-mittelalterlichen-wikinger\/die-replik-ortband-fur-schwertscheide-grupa-i-typ-1a-wg-kazakevicius\/","title":{"rendered":"Die Replik. ORTBAND F\u00dcR SCHWERTSCHEIDE. Grupa I typ 1a wg. Kazakevicius"},"content":{"rendered":"<p>Die Replik.\u00a0ORTBAND F\u00dcR SCHWERTSCHEIDE. Grupa I typ 1a wg. Kazakevicius<\/p>\n<p>Jahrhundert: X-XI<\/p>\n<p>Gefunden in:<\/p>\n<p>1. Polen: Wolin, Skic, Warszawa-Stare Br\u00f3dno, \u0141\u0119czyca (Tum), Podlasie<\/p>\n<p>2. Rus: Gniezdowo, Szestowica (kopiec 58 i 83), Jugo-Wostocznoje Priladorze, Michaj\u0142owskoje, Rjurikovo Gorodis\u0107e, Nowogr\u00f3d, Stara \u0141adoga, Sjedniew, Sarskoje Gorodiszcze, Bia\u0142e Jezioro, Kij\u00f3w, Ugli\u0107, Djabol<\/p>\n<p>3. Deutschland: \u00d6sel, Arneburg<\/p>\n<p>4. Gotland<\/p>\n<p>5. Norwegen: Malvik, Trondelag, \u00d8vre Forbord, T\u00f8nsberg, Vestfold, M\u00e6lem, Gjerstad, Hordaland<\/p>\n<p>6. Schweden: Birka (forma odlewnicza), G\u00e4striksland, Uppland, G\u00e4strikslands<\/p>\n<p>7. Lithuania: Zalju\u015bcik<\/p>\n<p>8. Latvia: Priekuli\u0173<\/p>\n<p>9. Holandia<\/p>\n<p>Dimension: 60 mm x 40 mm<\/p>\n<p>Das Material: bronze<\/p>\n<p>(Die M\u00f6glichkeit der Versilberung, Vergoldung von Bronze)<\/p>\n","protected":false},"excerpt":{"rendered":"<p>Die Replik.\u00a0ORTBAND F\u00dcR SCHWERTSCHEIDE. Grupa I typ 1a wg. Kazakevicius. Jahrhundert: X-XI. Gefunden in: 1. Polen: Wolin, Skic, Warszawa-Stare Br\u00f3dno, \u0141\u0119czyca (Tum), Podlasie; 2. Rus: Gniezdowo, Szestowica (kopiec 58 i 83), Jugo-Wostocznoje Priladorze, Michaj\u0142owskoje, Rjurikovo Gorodis\u0107e, Nowogr\u00f3d, Stara \u0141adoga, Sjedniew, Sarskoje Gorodiszcze, Bia\u0142e Jezioro, Kij\u00f3w, Ugli\u0107, Djabol; 3. Deutschland: \u00d6sel, Arneburg; 4. Gotland; 5. Norwegen: Malvik, Trondelag, \u00d8vre Forbord, T\u00f8nsberg, Vestfold, M\u00e6lem, Gjerstad, Hordaland; 6. Schweden: Birka (forma odlewnicza), G\u00e4striksland, Uppland, G\u00e4strikslands; 7. Lithuania: Zalju\u015bcik; 8. Latvia: Priekuli\u0173 ; 9. Holandia<\/p>\n","protected":false},"featured_media":2907,"template":"","meta":{"_mi_skip_tracking":false},"product_cat":[43,120],"product_tag":[],"_links":{"self":[{"href":"https:\/\/szepczacekruki.pl\/de\/wp-json\/wp\/v2\/product\/1256"}],"collection":[{"href":"https:\/\/szepczacekruki.pl\/de\/wp-json\/wp\/v2\/product"}],"about":[{"href":"https:\/\/szepczacekruki.pl\/de\/wp-json\/wp\/v2\/types\/product"}],"wp:featuredmedia":[{"embeddable":true,"href":"https:\/\/szepczacekruki.pl\/de\/wp-json\/wp\/v2\/media\/2907"}],"wp:attachment":[{"href":"https:\/\/szepczacekruki.pl\/de\/wp-json\/wp\/v2\/media?parent=1256"}],"wp:term":[{"taxonomy":"product_cat","embeddable":true,"href":"https:\/\/szepczacekruki.pl\/de\/wp-json\/wp\/v2\/product_cat?post=1256"},{"taxonomy":"product_tag","embeddable":true,"href":"https:\/\/szepczacekruki.pl\/de\/wp-json\/wp\/v2\/product_tag?post=1256"}],"curies":[{"name":"wp","href":"https:\/\/api.w.org\/{rel}","templated":true}]}}