{"id":1265,"date":"2018-02-16T11:04:07","date_gmt":"2018-02-16T11:05:31","guid":{"rendered":"https:\/\/szepczacekruki.pl\/?post_type=product&#038;p=1265"},"modified":"2025-11-26T20:11:11","modified_gmt":"2025-11-26T20:11:11","slug":"die-replik-ortband-fur-schwertscheide-grupa-i-typ-1a-wg-kazakevicius-1","status":"publish","type":"product","link":"https:\/\/szepczacekruki.pl\/de\/nachbildung-der-mittelalterlichen-wikinger\/die-replik-ortband-fur-schwertscheide-grupa-i-typ-1a-wg-kazakevicius-1\/","title":{"rendered":"Die Replik. ORTBAND F\u00dcR SCHWERTSCHEIDE. Grupa I typ 1a wg. Kazakevicius 1"},"content":{"rendered":"<p>Die Replik.\u00a0ORTBAND F\u00dcR SCHWERTSCHEIDE. Grupa I typ 1a wg. Kazakevicius 1.<\/p>\n<p>Jahrhundert: X-XI<\/p>\n<p>Gefunden in:<\/p>\n<p>1. Rus: Gniezdowo, Szestowica, Sjedniew, Sarskoje, Timjerjewo, Michaj\u0142owskoje, Bia\u0142e Jezioro, Stara \u0141adoga, Gorka, Kij\u00f3w, Ugli\u0107, Rjurikovo Gorodis\u0107e.<\/p>\n<p>2. Schweden: Birka ( gr\u00f3b 944, gr\u00f3b 643, gr\u00f3b 750), Saltvik, Eneborg, Aland, Berg Hedesunda<\/p>\n<p>3. Norwegen: Hedmark, Presttegard, Rinosaker<\/p>\n<p>4. Frankreich: L&#8217;Isle de Groix, Bretagne, Frankreich)<\/p>\n<p>5. Finnland<\/p>\n<p>Dimension: 62 mm x 40 mm<\/p>\n<p>Das Material: bronze<\/p>\n<p>(Die M\u00f6glichkeit der Versilberung, Vergoldung von Bronze)<\/p>\n","protected":false},"excerpt":{"rendered":"<p>Die Replik.\u00a0ORTBAND F\u00dcR SCHWERTSCHEIDE. Grupa I typ 1a wg. Kazakevicius 1.Jahrhundert: X-XI. Gefunden in: 1. Rus: Gniezdowo, Szestowica, Sjedniew, Sarskoje, Timjerjewo, Michaj\u0142owskoje, Bia\u0142e Jezioro, Stara \u0141adoga, Gorka, Kij\u00f3w, Ugli\u0107, Rjurikovo Gorodis\u0107e; 2. Schweden: Birka ( gr\u00f3b 944, gr\u00f3b 643, gr\u00f3b 750), Saltvik, Eneborg, Aland, Berg Hedesunda; 3. Norwegen: Hedmark, Presttegard, Rinosaker; 4. Frankreich: L&#8217;Isle de Groix, Bretagne, Frankreich); 5. Finnland<\/p>\n","protected":false},"featured_media":2913,"template":"","meta":{"_mi_skip_tracking":false},"product_cat":[43,120],"product_tag":[],"_links":{"self":[{"href":"https:\/\/szepczacekruki.pl\/de\/wp-json\/wp\/v2\/product\/1265"}],"collection":[{"href":"https:\/\/szepczacekruki.pl\/de\/wp-json\/wp\/v2\/product"}],"about":[{"href":"https:\/\/szepczacekruki.pl\/de\/wp-json\/wp\/v2\/types\/product"}],"wp:featuredmedia":[{"embeddable":true,"href":"https:\/\/szepczacekruki.pl\/de\/wp-json\/wp\/v2\/media\/2913"}],"wp:attachment":[{"href":"https:\/\/szepczacekruki.pl\/de\/wp-json\/wp\/v2\/media?parent=1265"}],"wp:term":[{"taxonomy":"product_cat","embeddable":true,"href":"https:\/\/szepczacekruki.pl\/de\/wp-json\/wp\/v2\/product_cat?post=1265"},{"taxonomy":"product_tag","embeddable":true,"href":"https:\/\/szepczacekruki.pl\/de\/wp-json\/wp\/v2\/product_tag?post=1265"}],"curies":[{"name":"wp","href":"https:\/\/api.w.org\/{rel}","templated":true}]}}