{"id":1738,"date":"2018-03-10T22:12:37","date_gmt":"2018-03-10T22:14:16","guid":{"rendered":"https:\/\/szepczacekruki.pl\/?post_type=product&#038;p=1738"},"modified":"2024-11-28T12:27:20","modified_gmt":"2024-11-28T12:27:20","slug":"die-replik-wikinger-schildkrote-brosche-lisbjerg-danemark","status":"publish","type":"product","link":"https:\/\/szepczacekruki.pl\/de\/nachbildung-der-mittelalterlichen-wikinger\/die-replik-wikinger-schildkrote-brosche-lisbjerg-danemark\/","title":{"rendered":"Die Replik. Wikinger Schildkr\u00f6te Brosche. Lisbjerg. D\u00e4nemark (Set Broschen)"},"content":{"rendered":"<p>Die Replik.\u00a0Wikinger Schildkr\u00f6te Brosche. Lisbjerg. D\u00e4nemark<\/p>\n<p>Jahrhundert: IX<\/p>\n<p>Gefunden in:<\/p>\n<p>D\u00e4nemark: Lisbjerg<\/p>\n<p>Dimension: 11 cm x 7 cm<\/p>\n<p>Das Material: bronze<\/p>\n<p>(Die M\u00f6glichkeit der Versilberung, Vergoldung von Bronze)<\/p>\n","protected":false},"excerpt":{"rendered":"<p>Die Replik.\u00a0Wikinger Schildkr\u00f6te Brosche. Lisbjerg. D\u00e4nemark; Jahrhundert: IX; Gefunden in: D\u00e4nemark: Lisbjerg<\/p>\n","protected":false},"featured_media":7642,"template":"","meta":{"_mi_skip_tracking":false},"product_cat":[40,86],"product_tag":[],"_links":{"self":[{"href":"https:\/\/szepczacekruki.pl\/de\/wp-json\/wp\/v2\/product\/1738"}],"collection":[{"href":"https:\/\/szepczacekruki.pl\/de\/wp-json\/wp\/v2\/product"}],"about":[{"href":"https:\/\/szepczacekruki.pl\/de\/wp-json\/wp\/v2\/types\/product"}],"wp:featuredmedia":[{"embeddable":true,"href":"https:\/\/szepczacekruki.pl\/de\/wp-json\/wp\/v2\/media\/7642"}],"wp:attachment":[{"href":"https:\/\/szepczacekruki.pl\/de\/wp-json\/wp\/v2\/media?parent=1738"}],"wp:term":[{"taxonomy":"product_cat","embeddable":true,"href":"https:\/\/szepczacekruki.pl\/de\/wp-json\/wp\/v2\/product_cat?post=1738"},{"taxonomy":"product_tag","embeddable":true,"href":"https:\/\/szepczacekruki.pl\/de\/wp-json\/wp\/v2\/product_tag?post=1738"}],"curies":[{"name":"wp","href":"https:\/\/api.w.org\/{rel}","templated":true}]}}