{"id":3272,"date":"2018-03-10T22:42:02","date_gmt":"2018-03-10T22:42:02","guid":{"rendered":"https:\/\/szepczacekruki.pl\/produkt\/anhanger-aus-grosmahren-replik\/"},"modified":"2024-02-03T01:12:23","modified_gmt":"2024-02-03T01:12:23","slug":"anhanger-aus-grosmahren-replik","status":"publish","type":"product","link":"https:\/\/szepczacekruki.pl\/de\/nachbildung-der-mittelalterlichen-wikinger\/anhanger-aus-grosmahren-replik\/","title":{"rendered":"ANH\u00c4NGER aus Gro\u00dfm\u00e4hren. Replik"},"content":{"rendered":"<p>ANH\u00c4NGER aus Gro\u00dfm\u00e4hren. Replik.<\/p>\n<p>Dating: early middle age<\/p>\n<p>Dimensions: 45\u00a0mm<\/p>\n<p>Material: bronze<\/p>\n","protected":false},"excerpt":{"rendered":"<p>ANH\u00c4NGER aus Gro\u00dfm\u00e4hren. Replik. Dating: early middle age<\/p>\n","protected":false},"featured_media":6491,"template":"","meta":{"_mi_skip_tracking":false},"product_cat":[40,89],"product_tag":[],"_links":{"self":[{"href":"https:\/\/szepczacekruki.pl\/de\/wp-json\/wp\/v2\/product\/3272"}],"collection":[{"href":"https:\/\/szepczacekruki.pl\/de\/wp-json\/wp\/v2\/product"}],"about":[{"href":"https:\/\/szepczacekruki.pl\/de\/wp-json\/wp\/v2\/types\/product"}],"wp:featuredmedia":[{"embeddable":true,"href":"https:\/\/szepczacekruki.pl\/de\/wp-json\/wp\/v2\/media\/6491"}],"wp:attachment":[{"href":"https:\/\/szepczacekruki.pl\/de\/wp-json\/wp\/v2\/media?parent=3272"}],"wp:term":[{"taxonomy":"product_cat","embeddable":true,"href":"https:\/\/szepczacekruki.pl\/de\/wp-json\/wp\/v2\/product_cat?post=3272"},{"taxonomy":"product_tag","embeddable":true,"href":"https:\/\/szepczacekruki.pl\/de\/wp-json\/wp\/v2\/product_tag?post=3272"}],"curies":[{"name":"wp","href":"https:\/\/api.w.org\/{rel}","templated":true}]}}