{"id":3733,"date":"2018-12-03T23:28:49","date_gmt":"2018-12-03T23:28:49","guid":{"rendered":"https:\/\/szepczacekruki.pl\/produkt\/eine-nachbildung-der-zeremonialsporen-von-lutomiersk\/"},"modified":"2024-10-12T11:38:12","modified_gmt":"2024-10-12T11:38:12","slug":"eine-nachbildung-der-zeremonialsporen-von-lutomiersk","status":"publish","type":"product","link":"https:\/\/szepczacekruki.pl\/de\/nachbildung-der-mittelalterlichen-wikinger\/eine-nachbildung-der-zeremonialsporen-von-lutomiersk\/","title":{"rendered":"Eine Nachbildung der Zeremonialsporen .Poland,Denmark,Sweden,Rusland."},"content":{"rendered":"<p>Eine Nachbildung der Zeremonialsporen von Lutomiersk.<\/p>\n<p>Grab nr 10<\/p>\n<p>Entsprechende Funde: Polen (Wroc\u0142aw-Ostr\u00f3w Tumski, Cerkiewnik, Lutomiersk), D\u00e4nemark,Sweden,Rusland<\/p>\n<p>Material: bronze<\/p>\n","protected":false},"excerpt":{"rendered":"<p>Eine Nachbildung der Zeremonialsporen von Lutomiersk. Grab nr 10. Entsprechende Funde: Polen (Wroc\u0142aw-Ostr\u00f3w Tumski, Cerkiewnik, Lutomiersk), D\u00e4nemark. Preis pro Set.<\/p>\n","protected":false},"featured_media":3653,"template":"","meta":{"_mi_skip_tracking":false},"product_cat":[43,110],"product_tag":[],"_links":{"self":[{"href":"https:\/\/szepczacekruki.pl\/de\/wp-json\/wp\/v2\/product\/3733"}],"collection":[{"href":"https:\/\/szepczacekruki.pl\/de\/wp-json\/wp\/v2\/product"}],"about":[{"href":"https:\/\/szepczacekruki.pl\/de\/wp-json\/wp\/v2\/types\/product"}],"wp:featuredmedia":[{"embeddable":true,"href":"https:\/\/szepczacekruki.pl\/de\/wp-json\/wp\/v2\/media\/3653"}],"wp:attachment":[{"href":"https:\/\/szepczacekruki.pl\/de\/wp-json\/wp\/v2\/media?parent=3733"}],"wp:term":[{"taxonomy":"product_cat","embeddable":true,"href":"https:\/\/szepczacekruki.pl\/de\/wp-json\/wp\/v2\/product_cat?post=3733"},{"taxonomy":"product_tag","embeddable":true,"href":"https:\/\/szepczacekruki.pl\/de\/wp-json\/wp\/v2\/product_tag?post=3733"}],"curies":[{"name":"wp","href":"https:\/\/api.w.org\/{rel}","templated":true}]}}