{"id":3758,"date":"2018-12-03T18:53:37","date_gmt":"2018-12-03T18:53:37","guid":{"rendered":"https:\/\/szepczacekruki.pl\/produkt\/die-replik-wikingerfibel-aus-lodz-poland\/"},"modified":"2024-02-06T20:59:39","modified_gmt":"2024-02-06T20:59:39","slug":"die-replik-wikingerfibel-aus-lodz-poland","status":"publish","type":"product","link":"https:\/\/szepczacekruki.pl\/de\/nachbildung-der-mittelalterlichen-wikinger\/die-replik-wikingerfibel-aus-lodz-poland\/","title":{"rendered":"Die Replik. Wikingerfibel aus \u0141\u00f3d\u017a (Poland)"},"content":{"rendered":"<p>Die Replik.\u00a0Wikingerfibel aus \u0141\u00f3d\u017a (Poland)<\/p>\n<p>Jahrhundert: X-XI \u00a0th.<\/p>\n<p>Gefunden in: \u0141\u00f3d\u017a (Poland)<\/p>\n<p>Dimension: 8 cm<\/p>\n<p>Das Material: \u00a0bronze<\/p>\n<p>(Die M\u00f6glichkeit der Versilberung, Vergoldung von Bronze)<\/p>\n","protected":false},"excerpt":{"rendered":"<p>Die Replik.\u00a0Wikingerfibel aus \u0141\u00f3d\u017a (Poland). Jahrhundert: X-XI \u00a0th. Gefunden in: \u0141\u00f3d\u017a (Poland).<\/p>\n","protected":false},"featured_media":6987,"template":"","meta":{"_mi_skip_tracking":false},"product_cat":[312,40],"product_tag":[],"_links":{"self":[{"href":"https:\/\/szepczacekruki.pl\/de\/wp-json\/wp\/v2\/product\/3758"}],"collection":[{"href":"https:\/\/szepczacekruki.pl\/de\/wp-json\/wp\/v2\/product"}],"about":[{"href":"https:\/\/szepczacekruki.pl\/de\/wp-json\/wp\/v2\/types\/product"}],"wp:featuredmedia":[{"embeddable":true,"href":"https:\/\/szepczacekruki.pl\/de\/wp-json\/wp\/v2\/media\/6987"}],"wp:attachment":[{"href":"https:\/\/szepczacekruki.pl\/de\/wp-json\/wp\/v2\/media?parent=3758"}],"wp:term":[{"taxonomy":"product_cat","embeddable":true,"href":"https:\/\/szepczacekruki.pl\/de\/wp-json\/wp\/v2\/product_cat?post=3758"},{"taxonomy":"product_tag","embeddable":true,"href":"https:\/\/szepczacekruki.pl\/de\/wp-json\/wp\/v2\/product_tag?post=3758"}],"curies":[{"name":"wp","href":"https:\/\/api.w.org\/{rel}","templated":true}]}}