{"id":3760,"date":"2018-12-03T18:42:21","date_gmt":"2018-12-03T18:42:21","guid":{"rendered":"https:\/\/szepczacekruki.pl\/produkt\/fruhmittelalterliche-knopfe\/"},"modified":"2022-07-24T20:18:44","modified_gmt":"2022-07-24T20:18:44","slug":"fruhmittelalterliche-knopfe","status":"publish","type":"product","link":"https:\/\/szepczacekruki.pl\/de\/nachbildung-der-mittelalterlichen-wikinger\/fruhmittelalterliche-knopfe\/","title":{"rendered":"Fr\u00fchmittelalterliche Kn\u00f6pfe"},"content":{"rendered":"<p>Fr\u00fchmittelalterliche Kn\u00f6pfe.<\/p>\n<p>Nachbildung von Funden aus den Gebieten von Slawentum und Skandinavien<\/p>\n<p>1. Slawentum, Skandinavien<\/p>\n<p>2. Slawentum<\/p>\n<p>3. Schwedenland: Birka Grab 949, Birka Grab 716<\/p>\n<p>4. Ostslawen (Gniezdowo, Kie), Skandinavien<\/p>\n<p>5. Slawentum<\/p>\n<p>Material: bronze<\/p>\n<p>Die M\u00f6glichkeit der Versilberung.<\/p>\n<p>Abmessungen entsprechen den Abmessungen der Artefakte.<\/p>\n<p>Abmessungen (Durchmesser) von 9 mm bis 13 mm.<\/p>\n","protected":false},"excerpt":{"rendered":"<p>Fr\u00fchmittelalterliche Kn\u00f6pfe. Nachbildung von Funden aus den Gebieten von Slawentum und Skandinavien. 1. Slawentum, Skandinavien. 2. Slawentum. 3. Schwedenland: Birka Grab 949, Birka Grab 716. 4. Ostslawen (Gniezdowo, Kie), Skandinavien. 5. Slawentum.<\/p>\n","protected":false},"featured_media":3529,"template":"","meta":{"_mi_skip_tracking":false},"product_cat":[40,65],"product_tag":[],"_links":{"self":[{"href":"https:\/\/szepczacekruki.pl\/de\/wp-json\/wp\/v2\/product\/3760"}],"collection":[{"href":"https:\/\/szepczacekruki.pl\/de\/wp-json\/wp\/v2\/product"}],"about":[{"href":"https:\/\/szepczacekruki.pl\/de\/wp-json\/wp\/v2\/types\/product"}],"wp:featuredmedia":[{"embeddable":true,"href":"https:\/\/szepczacekruki.pl\/de\/wp-json\/wp\/v2\/media\/3529"}],"wp:attachment":[{"href":"https:\/\/szepczacekruki.pl\/de\/wp-json\/wp\/v2\/media?parent=3760"}],"wp:term":[{"taxonomy":"product_cat","embeddable":true,"href":"https:\/\/szepczacekruki.pl\/de\/wp-json\/wp\/v2\/product_cat?post=3760"},{"taxonomy":"product_tag","embeddable":true,"href":"https:\/\/szepczacekruki.pl\/de\/wp-json\/wp\/v2\/product_tag?post=3760"}],"curies":[{"name":"wp","href":"https:\/\/api.w.org\/{rel}","templated":true}]}}