{"id":3897,"date":"2018-03-26T23:43:02","date_gmt":"2018-03-26T23:43:02","guid":{"rendered":"https:\/\/szepczacekruki.pl\/produkt\/slawische-lunula-replik-polen-danilowo-male\/"},"modified":"2023-02-07T15:28:32","modified_gmt":"2023-02-07T15:28:32","slug":"slawische-lunula-replik-polen-danilowo-male","status":"publish","type":"product","link":"https:\/\/szepczacekruki.pl\/de\/nachbildung-der-mittelalterlichen-wikinger\/slawische-lunula-replik-polen-danilowo-male\/","title":{"rendered":"Slawische lunula. Replik. Polen (Dani\u0142owo Ma\u0142e)"},"content":{"rendered":"<p>Slawische lunula. Replik. Polen (Dani\u0142owo Ma\u0142e)<\/p>\n<p>Dating: X- XI<\/p>\n<p>Abmessungen: 2,5 cm<\/p>\n<p>Material: Bronze<\/p>\n","protected":false},"excerpt":{"rendered":"<p>Slawische lunula. Replik. Polen (Dani\u0142owo Ma\u0142e), Dating: X- XI<\/p>\n","protected":false},"featured_media":6410,"template":"","meta":{"_mi_skip_tracking":false},"product_cat":[40,193],"product_tag":[],"_links":{"self":[{"href":"https:\/\/szepczacekruki.pl\/de\/wp-json\/wp\/v2\/product\/3897"}],"collection":[{"href":"https:\/\/szepczacekruki.pl\/de\/wp-json\/wp\/v2\/product"}],"about":[{"href":"https:\/\/szepczacekruki.pl\/de\/wp-json\/wp\/v2\/types\/product"}],"wp:featuredmedia":[{"embeddable":true,"href":"https:\/\/szepczacekruki.pl\/de\/wp-json\/wp\/v2\/media\/6410"}],"wp:attachment":[{"href":"https:\/\/szepczacekruki.pl\/de\/wp-json\/wp\/v2\/media?parent=3897"}],"wp:term":[{"taxonomy":"product_cat","embeddable":true,"href":"https:\/\/szepczacekruki.pl\/de\/wp-json\/wp\/v2\/product_cat?post=3897"},{"taxonomy":"product_tag","embeddable":true,"href":"https:\/\/szepczacekruki.pl\/de\/wp-json\/wp\/v2\/product_tag?post=3897"}],"curies":[{"name":"wp","href":"https:\/\/api.w.org\/{rel}","templated":true}]}}