{"id":4029,"date":"2018-03-26T23:36:45","date_gmt":"2018-03-26T23:36:45","guid":{"rendered":"https:\/\/szepczacekruki.pl\/produkt\/slawische-lunula-replik-polen-danilowo-male-3\/"},"modified":"2023-02-07T15:29:18","modified_gmt":"2023-02-07T15:29:18","slug":"slawische-lunula-replik-polen-danilowo-male-3","status":"publish","type":"product","link":"https:\/\/szepczacekruki.pl\/de\/nachbildung-der-mittelalterlichen-wikinger\/slawische-lunula-replik-polen-danilowo-male-3\/","title":{"rendered":"Slawische lunula. Replik. Polen (Dani\u0142owo Ma\u0142e)"},"content":{"rendered":"<p>Slawische lunula. Replik. Polen (Dani\u0142owo Ma\u0142e)<\/p>\n<p>Dating: X-XI<\/p>\n<p>Abmessungen: 2,5 cm<\/p>\n<p>Material: Bronze<\/p>\n","protected":false},"excerpt":{"rendered":"<p>Slawische lunula. Replik. Polen (Dani\u0142owo Ma\u0142e), Dating: X-XI<\/p>\n","protected":false},"featured_media":6422,"template":"","meta":{"_mi_skip_tracking":false},"product_cat":[40,193],"product_tag":[],"_links":{"self":[{"href":"https:\/\/szepczacekruki.pl\/de\/wp-json\/wp\/v2\/product\/4029"}],"collection":[{"href":"https:\/\/szepczacekruki.pl\/de\/wp-json\/wp\/v2\/product"}],"about":[{"href":"https:\/\/szepczacekruki.pl\/de\/wp-json\/wp\/v2\/types\/product"}],"wp:featuredmedia":[{"embeddable":true,"href":"https:\/\/szepczacekruki.pl\/de\/wp-json\/wp\/v2\/media\/6422"}],"wp:attachment":[{"href":"https:\/\/szepczacekruki.pl\/de\/wp-json\/wp\/v2\/media?parent=4029"}],"wp:term":[{"taxonomy":"product_cat","embeddable":true,"href":"https:\/\/szepczacekruki.pl\/de\/wp-json\/wp\/v2\/product_cat?post=4029"},{"taxonomy":"product_tag","embeddable":true,"href":"https:\/\/szepczacekruki.pl\/de\/wp-json\/wp\/v2\/product_tag?post=4029"}],"curies":[{"name":"wp","href":"https:\/\/api.w.org\/{rel}","templated":true}]}}