{"id":4032,"date":"2018-12-21T01:14:16","date_gmt":"2018-12-21T01:15:00","guid":{"rendered":"https:\/\/szepczacekruki.pl\/?post_type=product&#038;p=4032"},"modified":"2023-02-07T15:24:54","modified_gmt":"2023-02-07T15:24:54","slug":"replica-lunulas-danilowo-male","status":"publish","type":"product","link":"https:\/\/szepczacekruki.pl\/de\/nachbildung-der-mittelalterlichen-wikinger\/replica-lunulas-danilowo-male\/","title":{"rendered":"Replica. Lunulas. Dani\u0142owo Ma\u0142e"},"content":{"rendered":"<p>Replica. Lunulas. Dani\u0142owo Ma\u0142e<\/p>\n<p>Dating: das fr\u00fche Mittelalter<\/p>\n<p>Abmessungen: 2,5 \u00a0cm<\/p>\n<p>Material: bronze<\/p>\n","protected":false},"excerpt":{"rendered":"<p>Replica. Lunulas. Dani\u0142owo Ma\u0142e, Dating: das fr\u00fche Mittelalter<\/p>\n","protected":false},"featured_media":6626,"template":"","meta":{"_mi_skip_tracking":false},"product_cat":[40,193],"product_tag":[],"_links":{"self":[{"href":"https:\/\/szepczacekruki.pl\/de\/wp-json\/wp\/v2\/product\/4032"}],"collection":[{"href":"https:\/\/szepczacekruki.pl\/de\/wp-json\/wp\/v2\/product"}],"about":[{"href":"https:\/\/szepczacekruki.pl\/de\/wp-json\/wp\/v2\/types\/product"}],"wp:featuredmedia":[{"embeddable":true,"href":"https:\/\/szepczacekruki.pl\/de\/wp-json\/wp\/v2\/media\/6626"}],"wp:attachment":[{"href":"https:\/\/szepczacekruki.pl\/de\/wp-json\/wp\/v2\/media?parent=4032"}],"wp:term":[{"taxonomy":"product_cat","embeddable":true,"href":"https:\/\/szepczacekruki.pl\/de\/wp-json\/wp\/v2\/product_cat?post=4032"},{"taxonomy":"product_tag","embeddable":true,"href":"https:\/\/szepczacekruki.pl\/de\/wp-json\/wp\/v2\/product_tag?post=4032"}],"curies":[{"name":"wp","href":"https:\/\/api.w.org\/{rel}","templated":true}]}}