{"id":4051,"date":"2018-12-21T00:53:14","date_gmt":"2018-12-21T00:53:47","guid":{"rendered":"https:\/\/szepczacekruki.pl\/?post_type=product&#038;p=4051"},"modified":"2023-02-07T17:38:06","modified_gmt":"2023-02-07T17:38:06","slug":"replica-set-von-3-artikeln","status":"publish","type":"product","link":"https:\/\/szepczacekruki.pl\/de\/nachbildung-der-mittelalterlichen-wikinger\/replica-set-von-3-artikeln\/","title":{"rendered":"Replica. Set von 3 Artikeln"},"content":{"rendered":"<p>Replica. Set von 3 Artikeln<\/p>\n<p>Anh\u00e4nger, Amulett.<\/p>\n<p>Funde: Slawen, Skandinavier, M\u00e4hren, Nomaden<\/p>\n<p>Datierung: fr\u00fches Mittelalter<\/p>\n<p>Durchmesser: 15 mm<\/p>\n","protected":false},"excerpt":{"rendered":"<p>Replica. Set von 3 Artikeln. Anh\u00e4nger, Amulett. Funde: Slawen, Skandinavier, M\u00e4hren, Nomaden. Datierung: fr\u00fches Mittelalter<\/p>\n","protected":false},"featured_media":4305,"template":"","meta":{"_mi_skip_tracking":false},"product_cat":[40,89],"product_tag":[],"_links":{"self":[{"href":"https:\/\/szepczacekruki.pl\/de\/wp-json\/wp\/v2\/product\/4051"}],"collection":[{"href":"https:\/\/szepczacekruki.pl\/de\/wp-json\/wp\/v2\/product"}],"about":[{"href":"https:\/\/szepczacekruki.pl\/de\/wp-json\/wp\/v2\/types\/product"}],"wp:featuredmedia":[{"embeddable":true,"href":"https:\/\/szepczacekruki.pl\/de\/wp-json\/wp\/v2\/media\/4305"}],"wp:attachment":[{"href":"https:\/\/szepczacekruki.pl\/de\/wp-json\/wp\/v2\/media?parent=4051"}],"wp:term":[{"taxonomy":"product_cat","embeddable":true,"href":"https:\/\/szepczacekruki.pl\/de\/wp-json\/wp\/v2\/product_cat?post=4051"},{"taxonomy":"product_tag","embeddable":true,"href":"https:\/\/szepczacekruki.pl\/de\/wp-json\/wp\/v2\/product_tag?post=4051"}],"curies":[{"name":"wp","href":"https:\/\/api.w.org\/{rel}","templated":true}]}}