{"id":4546,"date":"2019-01-11T01:06:10","date_gmt":"2019-01-11T01:06:50","guid":{"rendered":"https:\/\/szepczacekruki.pl\/?post_type=product&#038;p=4546"},"modified":"2022-08-29T07:46:18","modified_gmt":"2022-08-29T07:46:18","slug":"replica-eine-reihe-von-gurtelbeschlagen","status":"publish","type":"product","link":"https:\/\/szepczacekruki.pl\/de\/nachbildung-der-mittelalterlichen-wikinger\/replica-eine-reihe-von-gurtelbeschlagen\/","title":{"rendered":"Replica. Eine Reihe von G\u00fcrtelbeschl\u00e4gen, Schweden. Birka, das Grab 716"},"content":{"rendered":"<p>Replica. Eine Reihe von G\u00fcrtelbeschl\u00e4gen.<\/p>\n<p>Schweden. Birka, das Grab 716.<\/p>\n<p>Dating: das fr\u00fche Mittelalter<\/p>\n<p>Material: bronze<\/p>\n<p>Breite: 25 mm<\/p>\n","protected":false},"excerpt":{"rendered":"<p>Replica. Eine Reihe von G\u00fcrtelbeschl\u00e4gen, Schweden. Birka, das Grab 716, Dating: das fr\u00fche Mittelalter<\/p>\n","protected":false},"featured_media":4611,"template":"","meta":{"_mi_skip_tracking":false},"product_cat":[40,101],"product_tag":[],"_links":{"self":[{"href":"https:\/\/szepczacekruki.pl\/de\/wp-json\/wp\/v2\/product\/4546"}],"collection":[{"href":"https:\/\/szepczacekruki.pl\/de\/wp-json\/wp\/v2\/product"}],"about":[{"href":"https:\/\/szepczacekruki.pl\/de\/wp-json\/wp\/v2\/types\/product"}],"wp:featuredmedia":[{"embeddable":true,"href":"https:\/\/szepczacekruki.pl\/de\/wp-json\/wp\/v2\/media\/4611"}],"wp:attachment":[{"href":"https:\/\/szepczacekruki.pl\/de\/wp-json\/wp\/v2\/media?parent=4546"}],"wp:term":[{"taxonomy":"product_cat","embeddable":true,"href":"https:\/\/szepczacekruki.pl\/de\/wp-json\/wp\/v2\/product_cat?post=4546"},{"taxonomy":"product_tag","embeddable":true,"href":"https:\/\/szepczacekruki.pl\/de\/wp-json\/wp\/v2\/product_tag?post=4546"}],"curies":[{"name":"wp","href":"https:\/\/api.w.org\/{rel}","templated":true}]}}