{"id":4676,"date":"2019-01-17T22:21:28","date_gmt":"2019-01-17T22:21:57","guid":{"rendered":"https:\/\/szepczacekruki.pl\/?post_type=product&#038;p=4676"},"modified":"2022-08-29T07:41:00","modified_gmt":"2022-08-29T07:41:00","slug":"replica-gurtelschnalle-gurtelende-rus-nowogrod","status":"publish","type":"product","link":"https:\/\/szepczacekruki.pl\/de\/nachbildung-der-mittelalterlichen-wikinger\/replica-gurtelschnalle-gurtelende-rus-nowogrod\/","title":{"rendered":"Replica. G\u00fcrtelschnalle, G\u00fcrtelende &#8211; Rus (Nowogr\u00f3d)"},"content":{"rendered":"<p><span class=\"text_exposed_show\">Replica. G\u00fcrtelschnalle, G\u00fcrtelende &#8211; Rus (Nowogr\u00f3d)<\/span><\/p>\n<p><span class=\"text_exposed_show\">IX-X th.<\/span><\/p>\n<p><span class=\"text_exposed_show\">Material: bronze <\/span><\/p>\n<p><span class=\"text_exposed_show\">Breite: 20 mm<\/span><\/p>\n","protected":false},"excerpt":{"rendered":"<p><span class=\"text_exposed_show\">Replica. G\u00fcrtelschnalle, G\u00fcrtelende &#8211; Rus (Nowogr\u00f3d), <\/span><span class=\"text_exposed_show\">IX-X th.<\/span><\/p>\n","protected":false},"featured_media":4760,"template":"","meta":{"_mi_skip_tracking":false},"product_cat":[40,101],"product_tag":[],"_links":{"self":[{"href":"https:\/\/szepczacekruki.pl\/de\/wp-json\/wp\/v2\/product\/4676"}],"collection":[{"href":"https:\/\/szepczacekruki.pl\/de\/wp-json\/wp\/v2\/product"}],"about":[{"href":"https:\/\/szepczacekruki.pl\/de\/wp-json\/wp\/v2\/types\/product"}],"wp:featuredmedia":[{"embeddable":true,"href":"https:\/\/szepczacekruki.pl\/de\/wp-json\/wp\/v2\/media\/4760"}],"wp:attachment":[{"href":"https:\/\/szepczacekruki.pl\/de\/wp-json\/wp\/v2\/media?parent=4676"}],"wp:term":[{"taxonomy":"product_cat","embeddable":true,"href":"https:\/\/szepczacekruki.pl\/de\/wp-json\/wp\/v2\/product_cat?post=4676"},{"taxonomy":"product_tag","embeddable":true,"href":"https:\/\/szepczacekruki.pl\/de\/wp-json\/wp\/v2\/product_tag?post=4676"}],"curies":[{"name":"wp","href":"https:\/\/api.w.org\/{rel}","templated":true}]}}