{"id":4679,"date":"2019-01-17T23:02:22","date_gmt":"2019-01-17T23:03:47","guid":{"rendered":"https:\/\/szepczacekruki.pl\/?post_type=product&#038;p=4679"},"modified":"2022-08-29T07:38:08","modified_gmt":"2022-08-29T07:38:08","slug":"replica-gurtelschnalle-gurtelende-mahren-2","status":"publish","type":"product","link":"https:\/\/szepczacekruki.pl\/de\/nachbildung-der-mittelalterlichen-wikinger\/replica-gurtelschnalle-gurtelende-mahren-2\/","title":{"rendered":"Replica. G\u00fcrtelschnalle, G\u00fcrtelende &#8211; M\u00e4hren"},"content":{"rendered":"<p><span class=\"text_exposed_show\">Replica. G\u00fcrtelschnalle, G\u00fcrtelende &#8211; M\u00e4hren<\/span><\/p>\n<p><span class=\"text_exposed_show\">IX-X th.<\/span><\/p>\n<p><span class=\"text_exposed_show\">Material: bronze <\/span><\/p>\n<p><span class=\"text_exposed_show\">Breite: 25 mm<\/span><\/p>\n","protected":false},"excerpt":{"rendered":"<p><span class=\"text_exposed_show\">Replica. G\u00fcrtelschnalle, G\u00fcrtelende &#8211; M\u00e4hren, <\/span><span class=\"text_exposed_show\">IX-X th.<\/span><\/p>\n","protected":false},"featured_media":4772,"template":"","meta":{"_mi_skip_tracking":false},"product_cat":[40,101],"product_tag":[],"_links":{"self":[{"href":"https:\/\/szepczacekruki.pl\/de\/wp-json\/wp\/v2\/product\/4679"}],"collection":[{"href":"https:\/\/szepczacekruki.pl\/de\/wp-json\/wp\/v2\/product"}],"about":[{"href":"https:\/\/szepczacekruki.pl\/de\/wp-json\/wp\/v2\/types\/product"}],"wp:featuredmedia":[{"embeddable":true,"href":"https:\/\/szepczacekruki.pl\/de\/wp-json\/wp\/v2\/media\/4772"}],"wp:attachment":[{"href":"https:\/\/szepczacekruki.pl\/de\/wp-json\/wp\/v2\/media?parent=4679"}],"wp:term":[{"taxonomy":"product_cat","embeddable":true,"href":"https:\/\/szepczacekruki.pl\/de\/wp-json\/wp\/v2\/product_cat?post=4679"},{"taxonomy":"product_tag","embeddable":true,"href":"https:\/\/szepczacekruki.pl\/de\/wp-json\/wp\/v2\/product_tag?post=4679"}],"curies":[{"name":"wp","href":"https:\/\/api.w.org\/{rel}","templated":true}]}}