{"id":5428,"date":"2019-10-16T10:34:39","date_gmt":"2019-10-16T10:39:13","guid":{"rendered":"https:\/\/szepczacekruki.pl\/?post_type=product&#038;p=5428"},"modified":"2024-02-03T00:59:15","modified_gmt":"2024-02-03T00:59:15","slug":"replica-kreuz-aus-polen-zolty-bei-drawsko","status":"publish","type":"product","link":"https:\/\/szepczacekruki.pl\/de\/nachbildung-der-mittelalterlichen-wikinger\/replica-kreuz-aus-polen-zolty-bei-drawsko\/","title":{"rendered":"Replica. Kreuz aus Polen (\u017b\u00f3\u0142ty bei Drawsko)"},"content":{"rendered":"<p><span class=\"tlid-translation translation\" lang=\"de\"><span class=\"\" title=\"\">Replica<\/span><span title=\"\">.<\/span> <span title=\"\">Kreuz aus Polen (\u017b\u00f3\u0142ty bei Drawsko)<\/span><br \/>\n<span title=\"\">Material: Bronze<\/span><br \/>\n<span title=\"\">Abmessungen: 43 mm x 35 mm<\/span><\/span><\/p>\n","protected":false},"excerpt":{"rendered":"<p><span class=\"tlid-translation translation\" lang=\"de\"><span class=\"\" title=\"\">Replica<\/span><span title=\"\">.<\/span> <span title=\"\">Kreuz aus Polen (\u017b\u00f3\u0142ty bei Drawsko)<\/span><br \/>\n<span title=\"\">Material: Bronze<\/span><br \/>\n<span title=\"\">Abmessungen: 43 mm x 35 mm<\/span><\/span><\/p>\n","protected":false},"featured_media":6398,"template":"","meta":{"_mi_skip_tracking":false},"product_cat":[305,40],"product_tag":[],"_links":{"self":[{"href":"https:\/\/szepczacekruki.pl\/de\/wp-json\/wp\/v2\/product\/5428"}],"collection":[{"href":"https:\/\/szepczacekruki.pl\/de\/wp-json\/wp\/v2\/product"}],"about":[{"href":"https:\/\/szepczacekruki.pl\/de\/wp-json\/wp\/v2\/types\/product"}],"wp:featuredmedia":[{"embeddable":true,"href":"https:\/\/szepczacekruki.pl\/de\/wp-json\/wp\/v2\/media\/6398"}],"wp:attachment":[{"href":"https:\/\/szepczacekruki.pl\/de\/wp-json\/wp\/v2\/media?parent=5428"}],"wp:term":[{"taxonomy":"product_cat","embeddable":true,"href":"https:\/\/szepczacekruki.pl\/de\/wp-json\/wp\/v2\/product_cat?post=5428"},{"taxonomy":"product_tag","embeddable":true,"href":"https:\/\/szepczacekruki.pl\/de\/wp-json\/wp\/v2\/product_tag?post=5428"}],"curies":[{"name":"wp","href":"https:\/\/api.w.org\/{rel}","templated":true}]}}