{"id":5723,"date":"2019-11-28T12:02:28","date_gmt":"2019-11-28T12:50:34","guid":{"rendered":"https:\/\/szepczacekruki.pl\/?post_type=product&#038;p=5723"},"modified":"2022-09-14T18:40:37","modified_gmt":"2022-09-14T18:40:37","slug":"replicas-miniaturanhanger","status":"publish","type":"product","link":"https:\/\/szepczacekruki.pl\/de\/nachbildung-der-mittelalterlichen-wikinger\/replicas-miniaturanhanger\/","title":{"rendered":"Replicas. Miniaturanh\u00e4nger."},"content":{"rendered":"<p>Replicas. Miniaturanh\u00e4nger.<br \/>\nPolska,Szwecja,Litwa, Gotlandia,Ru\u015b<br \/>\nRinkaby,Sigtuna,Hjelmsolille,Daugmale,Kry\u0142\u00f3w,Dziekanowice,Wyszembork,Nowogr\u00f3d, Sarkel&#8230;<br \/>\nDatierung: IX-XI th.<br \/>\nAbmessungen: 40 mm<\/p>\n<p>Material: Bronze<\/p>\n","protected":false},"excerpt":{"rendered":"<p>Replicas. Miniaturanh\u00e4nger.<br \/>\nPolska,Szwecja,Litwa, Gotlandia,Ru\u015b<br \/>\nRinkaby,Sigtuna,Hjelmsolille,Daugmale,Kry\u0142\u00f3w,Dziekanowice,Wyszembork,Nowogr\u00f3d, Sarkel&#8230;<br \/>\nDatierung: IX-XI th.<br \/>\nAbmessungen: 40 mm<\/p>\n","protected":false},"featured_media":6535,"template":"","meta":{"_mi_skip_tracking":false},"product_cat":[40,89],"product_tag":[],"_links":{"self":[{"href":"https:\/\/szepczacekruki.pl\/de\/wp-json\/wp\/v2\/product\/5723"}],"collection":[{"href":"https:\/\/szepczacekruki.pl\/de\/wp-json\/wp\/v2\/product"}],"about":[{"href":"https:\/\/szepczacekruki.pl\/de\/wp-json\/wp\/v2\/types\/product"}],"wp:featuredmedia":[{"embeddable":true,"href":"https:\/\/szepczacekruki.pl\/de\/wp-json\/wp\/v2\/media\/6535"}],"wp:attachment":[{"href":"https:\/\/szepczacekruki.pl\/de\/wp-json\/wp\/v2\/media?parent=5723"}],"wp:term":[{"taxonomy":"product_cat","embeddable":true,"href":"https:\/\/szepczacekruki.pl\/de\/wp-json\/wp\/v2\/product_cat?post=5723"},{"taxonomy":"product_tag","embeddable":true,"href":"https:\/\/szepczacekruki.pl\/de\/wp-json\/wp\/v2\/product_tag?post=5723"}],"curies":[{"name":"wp","href":"https:\/\/api.w.org\/{rel}","templated":true}]}}