{"id":5832,"date":"2019-11-28T12:24:02","date_gmt":"2019-11-28T12:24:02","guid":{"rendered":"https:\/\/szepczacekruki.pl\/wikingowie-wczesne-sredniowiecze-replika\/replica-miniaturanhanger\/"},"modified":"2022-09-14T18:40:08","modified_gmt":"2022-09-14T18:40:08","slug":"replica-miniaturanhanger","status":"publish","type":"product","link":"https:\/\/szepczacekruki.pl\/de\/nachbildung-der-mittelalterlichen-wikinger\/replica-miniaturanhanger\/","title":{"rendered":"Replica. Miniaturanh\u00e4nger. Kry\u0142\u00f3w (Poland)"},"content":{"rendered":"<p>Replica. Miniaturanh\u00e4nger.<br \/>\nMaterial: Bronze<br \/>\nDatierung: X-XI Jahrhunderte<br \/>\nAbmessungen: 35 mm<\/p>\n","protected":false},"excerpt":{"rendered":"<p>Replica. Miniaturanh\u00e4nger.<br \/>\nMaterial: Bronze<br \/>\nDatierung: X-XI Jahrhunderte<br \/>\nAbmessungen: 35 mm<\/p>\n","protected":false},"featured_media":6464,"template":"","meta":{"_mi_skip_tracking":false},"product_cat":[40,89],"product_tag":[],"_links":{"self":[{"href":"https:\/\/szepczacekruki.pl\/de\/wp-json\/wp\/v2\/product\/5832"}],"collection":[{"href":"https:\/\/szepczacekruki.pl\/de\/wp-json\/wp\/v2\/product"}],"about":[{"href":"https:\/\/szepczacekruki.pl\/de\/wp-json\/wp\/v2\/types\/product"}],"wp:featuredmedia":[{"embeddable":true,"href":"https:\/\/szepczacekruki.pl\/de\/wp-json\/wp\/v2\/media\/6464"}],"wp:attachment":[{"href":"https:\/\/szepczacekruki.pl\/de\/wp-json\/wp\/v2\/media?parent=5832"}],"wp:term":[{"taxonomy":"product_cat","embeddable":true,"href":"https:\/\/szepczacekruki.pl\/de\/wp-json\/wp\/v2\/product_cat?post=5832"},{"taxonomy":"product_tag","embeddable":true,"href":"https:\/\/szepczacekruki.pl\/de\/wp-json\/wp\/v2\/product_tag?post=5832"}],"curies":[{"name":"wp","href":"https:\/\/api.w.org\/{rel}","templated":true}]}}