{"id":5982,"date":"2019-12-16T08:19:26","date_gmt":"2019-12-16T08:19:30","guid":{"rendered":"https:\/\/szepczacekruki.pl\/?post_type=product&#038;p=5982"},"modified":"2022-09-14T18:41:59","modified_gmt":"2022-09-14T18:41:59","slug":"gefilzte-wollmutze-2","status":"publish","type":"product","link":"https:\/\/szepczacekruki.pl\/de\/nachbildung-der-mittelalterlichen-wikinger\/gefilzte-wollmutze-2\/","title":{"rendered":"Gefilzte Wollm\u00fctze."},"content":{"rendered":"<p><span class=\"gmail-tlid-translation gmail-translation\"><span class=\"gmail-\">Gefilzte Wollm\u00fctze.<\/span><br \/>\nMaterial: 100% Wolle<br \/>\n<span class=\"gmail-\">Kappenumf\u00e4nge: volle Gr\u00f6\u00dfe<\/span><br \/>\n<span class=\"gmail-\">Gegen eine zus\u00e4tzliche Geb\u00fchr kann der Hut am Umfang mit Fell oder anderem Material (Seide, Leinen) verziert werden.<\/span><br \/>\n<span class=\"gmail-alt-edited\">Volle Farbpalette.<\/span><\/span><\/p>\n","protected":false},"excerpt":{"rendered":"<p><span class=\"gmail-tlid-translation gmail-translation\"><span class=\"gmail-\">Gefilzte Wollm\u00fctze.<\/span><br \/>\nMaterial: 100% Wolle<br \/>\n<span class=\"gmail-\">Gegen eine zus\u00e4tzliche Geb\u00fchr kann der Hut am Umfang mit Fell oder anderem Material (Seide, Leinen) verziert werden.<\/span><br \/>\n<span class=\"gmail-\">Kappenumf\u00e4nge: volle Gr\u00f6\u00dfe<\/span><br \/>\n<span class=\"gmail-alt-edited\">Volle Farbpalette.<\/span><\/span><\/p>\n","protected":false},"featured_media":6041,"template":"","meta":{"_mi_skip_tracking":false},"product_cat":[239,196,167],"product_tag":[],"_links":{"self":[{"href":"https:\/\/szepczacekruki.pl\/de\/wp-json\/wp\/v2\/product\/5982"}],"collection":[{"href":"https:\/\/szepczacekruki.pl\/de\/wp-json\/wp\/v2\/product"}],"about":[{"href":"https:\/\/szepczacekruki.pl\/de\/wp-json\/wp\/v2\/types\/product"}],"wp:featuredmedia":[{"embeddable":true,"href":"https:\/\/szepczacekruki.pl\/de\/wp-json\/wp\/v2\/media\/6041"}],"wp:attachment":[{"href":"https:\/\/szepczacekruki.pl\/de\/wp-json\/wp\/v2\/media?parent=5982"}],"wp:term":[{"taxonomy":"product_cat","embeddable":true,"href":"https:\/\/szepczacekruki.pl\/de\/wp-json\/wp\/v2\/product_cat?post=5982"},{"taxonomy":"product_tag","embeddable":true,"href":"https:\/\/szepczacekruki.pl\/de\/wp-json\/wp\/v2\/product_tag?post=5982"}],"curies":[{"name":"wp","href":"https:\/\/api.w.org\/{rel}","templated":true}]}}