{"id":6686,"date":"2021-01-26T10:36:03","date_gmt":"2021-01-26T10:37:23","guid":{"rendered":"https:\/\/szepczacekruki.pl\/?post_type=product&#038;p=6686"},"modified":"2024-02-03T00:35:08","modified_gmt":"2024-02-03T00:35:08","slug":"replik-lederhandtasche-schweden-birka-grab-904","status":"publish","type":"product","link":"https:\/\/szepczacekruki.pl\/de\/nachbildung-der-mittelalterlichen-wikinger\/replik-lederhandtasche-schweden-birka-grab-904\/","title":{"rendered":"Replik. Lederhandtasche. Schweden (Birka-Grab 904)"},"content":{"rendered":"<p>Replik. Lederhandtasche. Schweden (Birka-Grab 904). Abmessungen: 13 cm x 14 cm. Im Grab wurden neben einer Ledertasche 10 Pfeilspitzen \u00fcber 9,8 cm, eine geschmiedete Eisenbrosche, eine Lederbrieftasche gefunden. Es ist m\u00f6glich, eine Tasche jeder Gr\u00f6\u00dfe, Form und Farbe zu n\u00e4hen.<\/p>\n","protected":false},"excerpt":{"rendered":"<p>Replik. Lederhandtasche. Schweden (Birka-Grab 904). Abmessungen: 13 cm x 14 cm. Im Grab wurden neben einer Ledertasche 10 Pfeilspitzen \u00fcber 9,8 cm, eine geschmiedete Eisenbrosche, eine Lederbrieftasche gefunden. Es ist m\u00f6glich, eine Tasche jeder Gr\u00f6\u00dfe, Form und Farbe zu n\u00e4hen.<\/p>\n","protected":false},"featured_media":6689,"template":"","meta":{"_mi_skip_tracking":false},"product_cat":[40,204],"product_tag":[],"_links":{"self":[{"href":"https:\/\/szepczacekruki.pl\/de\/wp-json\/wp\/v2\/product\/6686"}],"collection":[{"href":"https:\/\/szepczacekruki.pl\/de\/wp-json\/wp\/v2\/product"}],"about":[{"href":"https:\/\/szepczacekruki.pl\/de\/wp-json\/wp\/v2\/types\/product"}],"wp:featuredmedia":[{"embeddable":true,"href":"https:\/\/szepczacekruki.pl\/de\/wp-json\/wp\/v2\/media\/6689"}],"wp:attachment":[{"href":"https:\/\/szepczacekruki.pl\/de\/wp-json\/wp\/v2\/media?parent=6686"}],"wp:term":[{"taxonomy":"product_cat","embeddable":true,"href":"https:\/\/szepczacekruki.pl\/de\/wp-json\/wp\/v2\/product_cat?post=6686"},{"taxonomy":"product_tag","embeddable":true,"href":"https:\/\/szepczacekruki.pl\/de\/wp-json\/wp\/v2\/product_tag?post=6686"}],"curies":[{"name":"wp","href":"https:\/\/api.w.org\/{rel}","templated":true}]}}