{"id":6814,"date":"2021-02-02T13:32:33","date_gmt":"2021-02-02T13:32:37","guid":{"rendered":"https:\/\/szepczacekruki.pl\/?post_type=product&#038;p=6814"},"modified":"2022-09-14T17:48:31","modified_gmt":"2022-09-14T17:48:31","slug":"zweifarben-kappe-mit-fell-2","status":"publish","type":"product","link":"https:\/\/szepczacekruki.pl\/de\/nachbildung-der-mittelalterlichen-wikinger\/zweifarben-kappe-mit-fell-2\/","title":{"rendered":"Zweifarben-Kappe mit Fell"},"content":{"rendered":"","protected":false},"excerpt":{"rendered":"<p>Zweifarben-Kappe mit Fell, Seide oder Gewebe hem. Wollfilzkappe. Material: 100% Wolle Kappenumfang: volle Gr\u00f6\u00dfe Vollfarbpalette. M\u00f6glichkeit von S\u00e4umen oder Auskleiden des Hut mit Pelz oder anderem Material (Seide, Leinen, Wolle) gegen eine geringe Geb\u00fchr.<\/p>\n","protected":false},"featured_media":6751,"template":"","meta":{"_mi_skip_tracking":false},"product_cat":[239,196,167],"product_tag":[],"_links":{"self":[{"href":"https:\/\/szepczacekruki.pl\/de\/wp-json\/wp\/v2\/product\/6814"}],"collection":[{"href":"https:\/\/szepczacekruki.pl\/de\/wp-json\/wp\/v2\/product"}],"about":[{"href":"https:\/\/szepczacekruki.pl\/de\/wp-json\/wp\/v2\/types\/product"}],"wp:featuredmedia":[{"embeddable":true,"href":"https:\/\/szepczacekruki.pl\/de\/wp-json\/wp\/v2\/media\/6751"}],"wp:attachment":[{"href":"https:\/\/szepczacekruki.pl\/de\/wp-json\/wp\/v2\/media?parent=6814"}],"wp:term":[{"taxonomy":"product_cat","embeddable":true,"href":"https:\/\/szepczacekruki.pl\/de\/wp-json\/wp\/v2\/product_cat?post=6814"},{"taxonomy":"product_tag","embeddable":true,"href":"https:\/\/szepczacekruki.pl\/de\/wp-json\/wp\/v2\/product_tag?post=6814"}],"curies":[{"name":"wp","href":"https:\/\/api.w.org\/{rel}","templated":true}]}}