{"id":6890,"date":"2021-02-05T12:56:45","date_gmt":"2021-02-05T12:58:54","guid":{"rendered":"https:\/\/szepczacekruki.pl\/?post_type=product&#038;p=6890"},"modified":"2022-09-14T17:39:39","modified_gmt":"2022-09-14T17:39:39","slug":"replik-des-beutels-von-kiewer-rus-chernihiv-shestovica-grab-42","status":"publish","type":"product","link":"https:\/\/szepczacekruki.pl\/de\/nachbildung-der-mittelalterlichen-wikinger\/replik-des-beutels-von-kiewer-rus-chernihiv-shestovica-grab-42\/","title":{"rendered":"Eine Replik-Tasche mit Beschl\u00e4gen von Kiewer Rus (Chernihiv, Szestowica, 42. Grabh\u00fcgel)"},"content":{"rendered":"<p>Eine Replik-Tasche mit Beschl\u00e4gen von Kiewer Rus (Chernihiv, Szestowica, 42. Grabh\u00fcgel)<br \/>\nAbmessungen: 14x12cm<br \/>\nDatiert: 10. Jahrhundert<br \/>\nMaterial: Bronze, M\u00f6glichkeit der Versilberung<br \/>\nM\u00f6gliche 3 Farben: Beige, Braun, Rot <\/p>\n","protected":false},"excerpt":{"rendered":"<p>Replik des Beutels von Kiewer Rus (Chernihiv, Shestovica, Grab 42)<br \/>\nGr\u00f6\u00dfe: 14x12cm<br \/>\nDatierung: X Jahrhundert<br \/>\nM\u00f6gliche 3 Farben: Beige, Braun, Rot<br \/>\nMaterial: Bronze, Versilberung m\u00f6glich<\/p>\n","protected":false},"featured_media":8493,"template":"","meta":{"_mi_skip_tracking":false},"product_cat":[40,204],"product_tag":[],"_links":{"self":[{"href":"https:\/\/szepczacekruki.pl\/de\/wp-json\/wp\/v2\/product\/6890"}],"collection":[{"href":"https:\/\/szepczacekruki.pl\/de\/wp-json\/wp\/v2\/product"}],"about":[{"href":"https:\/\/szepczacekruki.pl\/de\/wp-json\/wp\/v2\/types\/product"}],"wp:featuredmedia":[{"embeddable":true,"href":"https:\/\/szepczacekruki.pl\/de\/wp-json\/wp\/v2\/media\/8493"}],"wp:attachment":[{"href":"https:\/\/szepczacekruki.pl\/de\/wp-json\/wp\/v2\/media?parent=6890"}],"wp:term":[{"taxonomy":"product_cat","embeddable":true,"href":"https:\/\/szepczacekruki.pl\/de\/wp-json\/wp\/v2\/product_cat?post=6890"},{"taxonomy":"product_tag","embeddable":true,"href":"https:\/\/szepczacekruki.pl\/de\/wp-json\/wp\/v2\/product_tag?post=6890"}],"curies":[{"name":"wp","href":"https:\/\/api.w.org\/{rel}","templated":true}]}}