{"id":7031,"date":"2021-03-07T21:06:18","date_gmt":"2021-03-07T21:06:18","guid":{"rendered":"https:\/\/szepczacekruki.pl\/wikingowie-wczesne-sredniowiecze-replika\/replik-lederhandtasche-kiewer-rus-gniezdovo-grab-160\/"},"modified":"2024-02-03T00:38:22","modified_gmt":"2024-02-03T00:38:22","slug":"replik-lederhandtasche-kiewer-rus-gniezdovo-grab-160","status":"publish","type":"product","link":"https:\/\/szepczacekruki.pl\/de\/nachbildung-der-mittelalterlichen-wikinger\/replik-lederhandtasche-kiewer-rus-gniezdovo-grab-160\/","title":{"rendered":"Replik. Lederhandtasche. Kiewer Rus (Gniezdovo grab 160)"},"content":{"rendered":"<p>Replik. Lederhandtasche. Kiewer Rus (Gniezdovo grab 160).<br \/>\nAbmessungen: 13 cm x 14 cm.<br \/>\nEs ist m\u00f6glich, eine Tasche jeder Gr\u00f6\u00dfe, Form und Farbe zu n\u00e4hen<\/p>\n","protected":false},"excerpt":{"rendered":"<p>Replik. Lederhandtasche. Kiewer Rus (Gniezdovo grab 160).<br \/>\nAbmessungen: 13 cm x 14 cm.<br \/>\nEs ist m\u00f6glich, eine Tasche jeder Gr\u00f6\u00dfe, Form und Farbe zu n\u00e4hen<\/p>\n","protected":false},"featured_media":7034,"template":"","meta":{"_mi_skip_tracking":false},"product_cat":[40,204],"product_tag":[],"_links":{"self":[{"href":"https:\/\/szepczacekruki.pl\/de\/wp-json\/wp\/v2\/product\/7031"}],"collection":[{"href":"https:\/\/szepczacekruki.pl\/de\/wp-json\/wp\/v2\/product"}],"about":[{"href":"https:\/\/szepczacekruki.pl\/de\/wp-json\/wp\/v2\/types\/product"}],"wp:featuredmedia":[{"embeddable":true,"href":"https:\/\/szepczacekruki.pl\/de\/wp-json\/wp\/v2\/media\/7034"}],"wp:attachment":[{"href":"https:\/\/szepczacekruki.pl\/de\/wp-json\/wp\/v2\/media?parent=7031"}],"wp:term":[{"taxonomy":"product_cat","embeddable":true,"href":"https:\/\/szepczacekruki.pl\/de\/wp-json\/wp\/v2\/product_cat?post=7031"},{"taxonomy":"product_tag","embeddable":true,"href":"https:\/\/szepczacekruki.pl\/de\/wp-json\/wp\/v2\/product_tag?post=7031"}],"curies":[{"name":"wp","href":"https:\/\/api.w.org\/{rel}","templated":true}]}}