{"id":704,"date":"2018-02-12T11:01:51","date_gmt":"2018-02-12T11:05:06","guid":{"rendered":"https:\/\/szepczacekruki.pl\/?post_type=product&#038;p=704"},"modified":"2021-01-17T19:48:43","modified_gmt":"2021-01-17T19:48:43","slug":"die-replik-wikinger-schildkrote-brosche-norwegen-danemark-schweden","status":"publish","type":"product","link":"https:\/\/szepczacekruki.pl\/de\/nachbildung-der-mittelalterlichen-wikinger\/die-replik-wikinger-schildkrote-brosche-norwegen-danemark-schweden\/","title":{"rendered":"Die Replik. Wikinger Schildkr\u00f6te Brosche. Norwegen, D\u00e4nemark, Schweden (Set Broschen)"},"content":{"rendered":"<p>Die Replik.\u00a0Wikinger Schildkr\u00f6te Brosche. Norwegen, D\u00e4nemark, Schweden.<\/p>\n<p>Jahrhundert: VII-IX<\/p>\n<p>Gefunden in:<\/p>\n<p>1. Schweden<\/p>\n<p>2. D\u00e4nemark: N\u00f8rre Sandeg\u00e5rd Vest. Grab 58<\/p>\n<p>3. Norwegen: Nervik<\/p>\n<p>Dimension: 6 cm<\/p>\n<p>Das Material: \u00a0bronze<\/p>\n<p>(Die M\u00f6glichkeit der Versilberung, Vergoldung von Bronze)<\/p>\n","protected":false},"excerpt":{"rendered":"<p>Die Replik.\u00a0Wikinger Schildkr\u00f6te Brosche. Norwegen, D\u00e4nemark, Schweden. Jahrhundert: VII-IX. Gefunden in: 1. Schweden; 2. D\u00e4nemark: N\u00f8rre Sandeg\u00e5rd Vest. Grab 58; 3. Norwegen: Nervik<\/p>\n","protected":false},"featured_media":7651,"template":"","meta":{"_mi_skip_tracking":false},"product_cat":[40,86],"product_tag":[],"_links":{"self":[{"href":"https:\/\/szepczacekruki.pl\/de\/wp-json\/wp\/v2\/product\/704"}],"collection":[{"href":"https:\/\/szepczacekruki.pl\/de\/wp-json\/wp\/v2\/product"}],"about":[{"href":"https:\/\/szepczacekruki.pl\/de\/wp-json\/wp\/v2\/types\/product"}],"wp:featuredmedia":[{"embeddable":true,"href":"https:\/\/szepczacekruki.pl\/de\/wp-json\/wp\/v2\/media\/7651"}],"wp:attachment":[{"href":"https:\/\/szepczacekruki.pl\/de\/wp-json\/wp\/v2\/media?parent=704"}],"wp:term":[{"taxonomy":"product_cat","embeddable":true,"href":"https:\/\/szepczacekruki.pl\/de\/wp-json\/wp\/v2\/product_cat?post=704"},{"taxonomy":"product_tag","embeddable":true,"href":"https:\/\/szepczacekruki.pl\/de\/wp-json\/wp\/v2\/product_tag?post=704"}],"curies":[{"name":"wp","href":"https:\/\/api.w.org\/{rel}","templated":true}]}}