{"id":7115,"date":"2021-05-19T07:59:51","date_gmt":"2021-05-19T07:59:51","guid":{"rendered":"https:\/\/szepczacekruki.pl\/wikingowie-wczesne-sredniowiecze-replika\/armband-mit-wolfskopf\/"},"modified":"2022-09-08T09:34:20","modified_gmt":"2022-09-08T09:34:20","slug":"armband-mit-wolfskopf","status":"publish","type":"product","link":"https:\/\/szepczacekruki.pl\/de\/nachbildung-der-mittelalterlichen-wikinger\/armband-mit-wolfskopf\/","title":{"rendered":"Armband mit Wolfskopf"},"content":{"rendered":"<p>Armband inspiriert vom dekorativen Stil der Wikinger. Material: Bronze oder Messing (zur Auswahl)<br \/>\nVerschiedene Gr\u00f6\u00dfen und webt f\u00fcr Ihre Wahl zur Verf\u00fcgung.<\/p>\n","protected":false},"excerpt":{"rendered":"<p>Armband inspiriert vom dekorativen Stil der Wikinger. Material: Bronze oder Messing (zur Auswahl)<br \/>\nVerschiedene Gr\u00f6\u00dfen und webt f\u00fcr Ihre Wahl zur Verf\u00fcgung.<\/p>\n","protected":false},"featured_media":7113,"template":"","meta":{"_mi_skip_tracking":false},"product_cat":[40,92],"product_tag":[],"_links":{"self":[{"href":"https:\/\/szepczacekruki.pl\/de\/wp-json\/wp\/v2\/product\/7115"}],"collection":[{"href":"https:\/\/szepczacekruki.pl\/de\/wp-json\/wp\/v2\/product"}],"about":[{"href":"https:\/\/szepczacekruki.pl\/de\/wp-json\/wp\/v2\/types\/product"}],"wp:featuredmedia":[{"embeddable":true,"href":"https:\/\/szepczacekruki.pl\/de\/wp-json\/wp\/v2\/media\/7113"}],"wp:attachment":[{"href":"https:\/\/szepczacekruki.pl\/de\/wp-json\/wp\/v2\/media?parent=7115"}],"wp:term":[{"taxonomy":"product_cat","embeddable":true,"href":"https:\/\/szepczacekruki.pl\/de\/wp-json\/wp\/v2\/product_cat?post=7115"},{"taxonomy":"product_tag","embeddable":true,"href":"https:\/\/szepczacekruki.pl\/de\/wp-json\/wp\/v2\/product_tag?post=7115"}],"curies":[{"name":"wp","href":"https:\/\/api.w.org\/{rel}","templated":true}]}}