{"id":7133,"date":"2021-05-19T08:23:07","date_gmt":"2021-05-19T08:23:10","guid":{"rendered":"https:\/\/szepczacekruki.pl\/?post_type=product&#038;p=7133"},"modified":"2022-08-28T16:18:38","modified_gmt":"2022-08-28T16:18:38","slug":"armband-mit-drachenkopf-2","status":"publish","type":"product","link":"https:\/\/szepczacekruki.pl\/de\/nachbildung-der-mittelalterlichen-wikinger\/armband-mit-drachenkopf-2\/","title":{"rendered":"Armband mit Drachenkopf"},"content":{"rendered":"<p>Armband inspiriert vom dekorativen Stil der Wikinger. Material: Bronze oder Messing (zur Auswahl)<br \/>\nVerschiedene Gr\u00f6\u00dfen und webt f\u00fcr Ihre Wahl zur Verf\u00fcgung.<\/p>\n","protected":false},"excerpt":{"rendered":"<p>Armband inspiriert vom dekorativen Stil der Wikinger. Material: Bronze oder Messing (zur Auswahl)<br \/>\nVerschiedene Gr\u00f6\u00dfen und webt f\u00fcr Ihre Wahl zur Verf\u00fcgung.<\/p>\n","protected":false},"featured_media":7140,"template":"","meta":{"_mi_skip_tracking":false},"product_cat":[40,92],"product_tag":[],"_links":{"self":[{"href":"https:\/\/szepczacekruki.pl\/de\/wp-json\/wp\/v2\/product\/7133"}],"collection":[{"href":"https:\/\/szepczacekruki.pl\/de\/wp-json\/wp\/v2\/product"}],"about":[{"href":"https:\/\/szepczacekruki.pl\/de\/wp-json\/wp\/v2\/types\/product"}],"wp:featuredmedia":[{"embeddable":true,"href":"https:\/\/szepczacekruki.pl\/de\/wp-json\/wp\/v2\/media\/7140"}],"wp:attachment":[{"href":"https:\/\/szepczacekruki.pl\/de\/wp-json\/wp\/v2\/media?parent=7133"}],"wp:term":[{"taxonomy":"product_cat","embeddable":true,"href":"https:\/\/szepczacekruki.pl\/de\/wp-json\/wp\/v2\/product_cat?post=7133"},{"taxonomy":"product_tag","embeddable":true,"href":"https:\/\/szepczacekruki.pl\/de\/wp-json\/wp\/v2\/product_tag?post=7133"}],"curies":[{"name":"wp","href":"https:\/\/api.w.org\/{rel}","templated":true}]}}