{"id":7182,"date":"2021-05-19T09:06:28","date_gmt":"2021-05-19T09:06:28","guid":{"rendered":"https:\/\/szepczacekruki.pl\/wikingowie-wczesne-sredniowiecze-replika\/armband-b2b3b7\/"},"modified":"2022-09-14T17:30:09","modified_gmt":"2022-09-14T17:30:09","slug":"armband-b2b3b7","status":"publish","type":"product","link":"https:\/\/szepczacekruki.pl\/de\/nachbildung-der-mittelalterlichen-wikinger\/armband-b2b3b7\/","title":{"rendered":"Armband (B2,B3,B7)"},"content":{"rendered":"<p>Armband inspiriert vom dekorativen Stil der Wikinger. Material: Bronze oder Messing (zur Auswahl)<br \/>\nVerschiedene Gr\u00f6\u00dfen und webt f\u00fcr Ihre Wahl zur Verf\u00fcgung.<\/p>\n","protected":false},"excerpt":{"rendered":"<p>Armband inspiriert vom dekorativen Stil der Wikinger. Material: Bronze oder Messing (zur Auswahl)<br \/>\nVerschiedene Gr\u00f6\u00dfen und webt f\u00fcr Ihre Wahl zur Verf\u00fcgung.<\/p>\n","protected":false},"featured_media":7177,"template":"","meta":{"_mi_skip_tracking":false},"product_cat":[40,92],"product_tag":[],"_links":{"self":[{"href":"https:\/\/szepczacekruki.pl\/de\/wp-json\/wp\/v2\/product\/7182"}],"collection":[{"href":"https:\/\/szepczacekruki.pl\/de\/wp-json\/wp\/v2\/product"}],"about":[{"href":"https:\/\/szepczacekruki.pl\/de\/wp-json\/wp\/v2\/types\/product"}],"wp:featuredmedia":[{"embeddable":true,"href":"https:\/\/szepczacekruki.pl\/de\/wp-json\/wp\/v2\/media\/7177"}],"wp:attachment":[{"href":"https:\/\/szepczacekruki.pl\/de\/wp-json\/wp\/v2\/media?parent=7182"}],"wp:term":[{"taxonomy":"product_cat","embeddable":true,"href":"https:\/\/szepczacekruki.pl\/de\/wp-json\/wp\/v2\/product_cat?post=7182"},{"taxonomy":"product_tag","embeddable":true,"href":"https:\/\/szepczacekruki.pl\/de\/wp-json\/wp\/v2\/product_tag?post=7182"}],"curies":[{"name":"wp","href":"https:\/\/api.w.org\/{rel}","templated":true}]}}