{"id":7219,"date":"2021-05-19T10:18:46","date_gmt":"2021-05-19T10:18:46","guid":{"rendered":"https:\/\/szepczacekruki.pl\/wikingowie-wczesne-sredniowiecze-replika\/replik-lederhandtasche-kiev-kiever-rus\/"},"modified":"2022-09-14T17:28:52","modified_gmt":"2022-09-14T17:28:52","slug":"replik-lederhandtasche-kiev-kiever-rus","status":"publish","type":"product","link":"https:\/\/szepczacekruki.pl\/de\/nachbildung-der-mittelalterlichen-wikinger\/replik-lederhandtasche-kiev-kiever-rus\/","title":{"rendered":"Replik. Lederhandtasche. Kiev (Kiever Rus)"},"content":{"rendered":"<div dir=\"auto\">Replik. Lederhandtasche. Kiev (Kiever Rus).<\/div>\n<div dir=\"auto\">Grab 30<\/div>\n<div dir=\"auto\">Abmessungen: 13 cm x 17 cm.<br \/>\nEs ist m\u00f6glich, eine Tasche jeder Gr\u00f6\u00dfe, Form und Farbe zu n\u00e4hen.<\/div>\n","protected":false},"excerpt":{"rendered":"<div dir=\"auto\">Replik. Lederhandtasche. Kiev (Kiever Rus).<\/div>\n<div dir=\"auto\">Grab 30<\/div>\n<div dir=\"auto\">Abmessungen: 13 cm x 17 cm.<br \/>\nEs ist m\u00f6glich, eine Tasche jeder Gr\u00f6\u00dfe, Form und Farbe zu n\u00e4hen.<\/div>\n","protected":false},"featured_media":7215,"template":"","meta":{"_mi_skip_tracking":false},"product_cat":[40,204],"product_tag":[],"_links":{"self":[{"href":"https:\/\/szepczacekruki.pl\/de\/wp-json\/wp\/v2\/product\/7219"}],"collection":[{"href":"https:\/\/szepczacekruki.pl\/de\/wp-json\/wp\/v2\/product"}],"about":[{"href":"https:\/\/szepczacekruki.pl\/de\/wp-json\/wp\/v2\/types\/product"}],"wp:featuredmedia":[{"embeddable":true,"href":"https:\/\/szepczacekruki.pl\/de\/wp-json\/wp\/v2\/media\/7215"}],"wp:attachment":[{"href":"https:\/\/szepczacekruki.pl\/de\/wp-json\/wp\/v2\/media?parent=7219"}],"wp:term":[{"taxonomy":"product_cat","embeddable":true,"href":"https:\/\/szepczacekruki.pl\/de\/wp-json\/wp\/v2\/product_cat?post=7219"},{"taxonomy":"product_tag","embeddable":true,"href":"https:\/\/szepczacekruki.pl\/de\/wp-json\/wp\/v2\/product_tag?post=7219"}],"curies":[{"name":"wp","href":"https:\/\/api.w.org\/{rel}","templated":true}]}}