{"id":7233,"date":"2021-05-19T10:40:19","date_gmt":"2021-05-19T10:40:19","guid":{"rendered":"https:\/\/szepczacekruki.pl\/wikingowie-wczesne-sredniowiecze-replika\/replik-lederhandtasche-przemysl-poland\/"},"modified":"2022-09-14T17:28:30","modified_gmt":"2022-09-14T17:28:30","slug":"replik-lederhandtasche-przemysl-poland","status":"publish","type":"product","link":"https:\/\/szepczacekruki.pl\/de\/nachbildung-der-mittelalterlichen-wikinger\/replik-lederhandtasche-przemysl-poland\/","title":{"rendered":"Replik. Lederhandtasche.  Przemy\u015bl (Poland)"},"content":{"rendered":"<p>Replik. Lederhandtasche.<br \/>\nPrzemy\u015bl (Poland)<br \/>\nAbmessungen: 13 cm x 15 cm.<br \/>\nEs ist m\u00f6glich, eine Tasche jeder Gr\u00f6\u00dfe, Form und Farbe zu n\u00e4hen.<\/p>\n","protected":false},"excerpt":{"rendered":"<p>Replik. Lederhandtasche.<br \/>\nPrzemy\u015bl (Poland)<br \/>\nAbmessungen: 13 cm x 15 cm.<br \/>\nEs ist m\u00f6glich, eine Tasche jeder Gr\u00f6\u00dfe, Form und Farbe zu n\u00e4hen.<\/p>\n","protected":false},"featured_media":7230,"template":"","meta":{"_mi_skip_tracking":false},"product_cat":[40,204],"product_tag":[],"_links":{"self":[{"href":"https:\/\/szepczacekruki.pl\/de\/wp-json\/wp\/v2\/product\/7233"}],"collection":[{"href":"https:\/\/szepczacekruki.pl\/de\/wp-json\/wp\/v2\/product"}],"about":[{"href":"https:\/\/szepczacekruki.pl\/de\/wp-json\/wp\/v2\/types\/product"}],"wp:featuredmedia":[{"embeddable":true,"href":"https:\/\/szepczacekruki.pl\/de\/wp-json\/wp\/v2\/media\/7230"}],"wp:attachment":[{"href":"https:\/\/szepczacekruki.pl\/de\/wp-json\/wp\/v2\/media?parent=7233"}],"wp:term":[{"taxonomy":"product_cat","embeddable":true,"href":"https:\/\/szepczacekruki.pl\/de\/wp-json\/wp\/v2\/product_cat?post=7233"},{"taxonomy":"product_tag","embeddable":true,"href":"https:\/\/szepczacekruki.pl\/de\/wp-json\/wp\/v2\/product_tag?post=7233"}],"curies":[{"name":"wp","href":"https:\/\/api.w.org\/{rel}","templated":true}]}}