{"id":7243,"date":"2021-05-19T11:52:15","date_gmt":"2021-05-19T11:52:15","guid":{"rendered":"https:\/\/szepczacekruki.pl\/wikingowie-wczesne-sredniowiecze-replika\/replik-grabstatte-von-przemysl-polen-grab-6\/"},"modified":"2022-09-14T17:28:27","modified_gmt":"2022-09-14T17:28:27","slug":"replik-grabstatte-von-przemysl-polen-grab-6","status":"publish","type":"product","link":"https:\/\/szepczacekruki.pl\/de\/nachbildung-der-mittelalterlichen-wikinger\/replik-grabstatte-von-przemysl-polen-grab-6\/","title":{"rendered":"Replik. Grabst\u00e4tte von Przemy\u015bl (Polen). Grab 6."},"content":{"rendered":"<p>Replik.<br \/>\nGrabst\u00e4tte von Przemy\u015bl (Polen). Grab 6.<br \/>\nDatiert: 10. Jahrhundert<br \/>\nMaterial: Bronze<br \/>\nDas Set enth\u00e4lt: Schnalle, gro\u00dfes Riemenende , G\u00fcrtelbeschl\u00e4ge 11 Stk<br \/>\nDie Abmessungen der Repliken stimmen mit dem Original \u00fcberein.<\/p>\n","protected":false},"excerpt":{"rendered":"<p>Replik.<br \/>\nGrabst\u00e4tte von Przemy\u015bl (Polen). Grab 6.<br \/>\nDatiert: 10. Jahrhundert<br \/>\nMaterial: Bronze<br \/>\nDas Set enth\u00e4lt: Schnalle, gro\u00dfes Riemenende , G\u00fcrtelbeschl\u00e4ge 11 Stk<br \/>\nDie Abmessungen der Repliken stimmen mit dem Original \u00fcberein.<\/p>\n","protected":false},"featured_media":7240,"template":"","meta":{"_mi_skip_tracking":false},"product_cat":[40,104],"product_tag":[],"_links":{"self":[{"href":"https:\/\/szepczacekruki.pl\/de\/wp-json\/wp\/v2\/product\/7243"}],"collection":[{"href":"https:\/\/szepczacekruki.pl\/de\/wp-json\/wp\/v2\/product"}],"about":[{"href":"https:\/\/szepczacekruki.pl\/de\/wp-json\/wp\/v2\/types\/product"}],"wp:featuredmedia":[{"embeddable":true,"href":"https:\/\/szepczacekruki.pl\/de\/wp-json\/wp\/v2\/media\/7240"}],"wp:attachment":[{"href":"https:\/\/szepczacekruki.pl\/de\/wp-json\/wp\/v2\/media?parent=7243"}],"wp:term":[{"taxonomy":"product_cat","embeddable":true,"href":"https:\/\/szepczacekruki.pl\/de\/wp-json\/wp\/v2\/product_cat?post=7243"},{"taxonomy":"product_tag","embeddable":true,"href":"https:\/\/szepczacekruki.pl\/de\/wp-json\/wp\/v2\/product_tag?post=7243"}],"curies":[{"name":"wp","href":"https:\/\/api.w.org\/{rel}","templated":true}]}}