{"id":7289,"date":"2021-05-19T13:50:48","date_gmt":"2021-05-19T13:50:48","guid":{"rendered":"https:\/\/szepczacekruki.pl\/wikingowie-wczesne-sredniowiecze-replika\/rekonstruktion-einer-mutze-14-jahrhundert-flamische-region-belgien\/"},"modified":"2022-09-14T17:27:52","modified_gmt":"2022-09-14T17:27:52","slug":"rekonstruktion-einer-mutze-14-jahrhundert-flamische-region-belgien","status":"publish","type":"product","link":"https:\/\/szepczacekruki.pl\/de\/nachbildung-der-mittelalterlichen-wikinger\/rekonstruktion-einer-mutze-14-jahrhundert-flamische-region-belgien\/","title":{"rendered":"Rekonstruktion einer M\u00fctze, 14. Jahrhundert. Fl\u00e4mische Region, Belgien"},"content":{"rendered":"<p>Rekonstruktion einer M\u00fctze, 14. Jahrhundert. Fl\u00e4mische Region, Belgien. Fresko aus der Leugemeete-Kirche in Gent mit Darstellung einer st\u00e4dtischen Miliz. Eine M\u00fctze aus Naturwolle von Hand gefilzt.<br \/>\nWir machen Kappen in jeder Farbe und Gr\u00f6\u00dfe.<\/p>\n","protected":false},"excerpt":{"rendered":"<p>Rekonstruktion einer M\u00fctze, 14. Jahrhundert. Fl\u00e4mische Region, Belgien. Fresko aus der Leugemeete-Kirche in Gent mit Darstellung einer st\u00e4dtischen Miliz. Eine M\u00fctze aus Naturwolle von Hand gefilzt.<br \/>\nWir machen Kappen in jeder Farbe und Gr\u00f6\u00dfe.<\/p>\n","protected":false},"featured_media":7285,"template":"","meta":{"_mi_skip_tracking":false},"product_cat":[239,196,167],"product_tag":[],"_links":{"self":[{"href":"https:\/\/szepczacekruki.pl\/de\/wp-json\/wp\/v2\/product\/7289"}],"collection":[{"href":"https:\/\/szepczacekruki.pl\/de\/wp-json\/wp\/v2\/product"}],"about":[{"href":"https:\/\/szepczacekruki.pl\/de\/wp-json\/wp\/v2\/types\/product"}],"wp:featuredmedia":[{"embeddable":true,"href":"https:\/\/szepczacekruki.pl\/de\/wp-json\/wp\/v2\/media\/7285"}],"wp:attachment":[{"href":"https:\/\/szepczacekruki.pl\/de\/wp-json\/wp\/v2\/media?parent=7289"}],"wp:term":[{"taxonomy":"product_cat","embeddable":true,"href":"https:\/\/szepczacekruki.pl\/de\/wp-json\/wp\/v2\/product_cat?post=7289"},{"taxonomy":"product_tag","embeddable":true,"href":"https:\/\/szepczacekruki.pl\/de\/wp-json\/wp\/v2\/product_tag?post=7289"}],"curies":[{"name":"wp","href":"https:\/\/api.w.org\/{rel}","templated":true}]}}