{"id":7664,"date":"2021-10-26T20:07:55","date_gmt":"2021-10-26T20:07:55","guid":{"rendered":"https:\/\/szepczacekruki.pl\/wikingowie-wczesne-sredniowiecze-replika\/belt-set-aus-nove-zamky-viii-th-ksiestwo-nitrzanskie-ksiestwo-morawskie-viii-th\/"},"modified":"2022-09-14T17:15:34","modified_gmt":"2022-09-14T17:15:34","slug":"belt-set-aus-nove-zamky-viii-th-ksiestwo-nitrzanskie-ksiestwo-morawskie-viii-th","status":"publish","type":"product","link":"https:\/\/szepczacekruki.pl\/de\/nachbildung-der-mittelalterlichen-wikinger\/belt-set-aus-nove-zamky-viii-th-ksiestwo-nitrzanskie-ksiestwo-morawskie-viii-th\/","title":{"rendered":"Belt Set aus Nove Zamky VIII th. &#8211; Ksi\u0119stwo Nitrza\u0144skie (Ksi\u0119stwo Morawskie)  VIII th."},"content":{"rendered":"<p>Der Gurt besteht aus: 7 piece Beschlagteile, 9 Beschlagteile, 2 Beschlagteile, 1 piece G\u00fcrtelschnalle, 1 piece G\u00fcrtelende, 3 piece G\u00fcrtelende<br \/>\nbreite: 30 mm.<br \/>\nmaterial: bronze <\/p>\n","protected":false},"excerpt":{"rendered":"<p>Der Gurt besteht aus: 7 piece Beschlagteile, 9 Beschlagteile, 2 Beschlagteile, 1 piece G\u00fcrtelschnalle, 1 piece G\u00fcrtelende, 3 piece G\u00fcrtelende<br \/>\nbreite: 30 mm.<br \/>\nmaterial: bronze <\/p>\n","protected":false},"featured_media":7658,"template":"","meta":{"_mi_skip_tracking":false},"product_cat":[40,104],"product_tag":[],"_links":{"self":[{"href":"https:\/\/szepczacekruki.pl\/de\/wp-json\/wp\/v2\/product\/7664"}],"collection":[{"href":"https:\/\/szepczacekruki.pl\/de\/wp-json\/wp\/v2\/product"}],"about":[{"href":"https:\/\/szepczacekruki.pl\/de\/wp-json\/wp\/v2\/types\/product"}],"wp:featuredmedia":[{"embeddable":true,"href":"https:\/\/szepczacekruki.pl\/de\/wp-json\/wp\/v2\/media\/7658"}],"wp:attachment":[{"href":"https:\/\/szepczacekruki.pl\/de\/wp-json\/wp\/v2\/media?parent=7664"}],"wp:term":[{"taxonomy":"product_cat","embeddable":true,"href":"https:\/\/szepczacekruki.pl\/de\/wp-json\/wp\/v2\/product_cat?post=7664"},{"taxonomy":"product_tag","embeddable":true,"href":"https:\/\/szepczacekruki.pl\/de\/wp-json\/wp\/v2\/product_tag?post=7664"}],"curies":[{"name":"wp","href":"https:\/\/api.w.org\/{rel}","templated":true}]}}