{"id":8032,"date":"2023-01-11T11:06:42","date_gmt":"2023-01-11T11:06:42","guid":{"rendered":"https:\/\/szepczacekruki.pl\/wikingowie-wczesne-sredniowiecze-replika\/replik-schildkrotenfibel-typ-r640-gewicht-15-dkg\/"},"modified":"2024-11-28T12:17:38","modified_gmt":"2024-11-28T12:17:38","slug":"replik-schildkrotenfibel-typ-r640-gewicht-15-dkg","status":"publish","type":"product","link":"https:\/\/szepczacekruki.pl\/de\/nachbildung-der-mittelalterlichen-wikinger\/replik-schildkrotenfibel-typ-r640-gewicht-15-dkg\/","title":{"rendered":"Replik. Schildkr\u00f6tenfibel, Typ R640 (Gewicht 15 dkg). Norwegen: Tromso oraz Bj\u00f8rke, \u00d8rsta."},"content":{"rendered":"<p>Broschenreplik Typ R640.<br \/>\nGewicht: 15 Gramm<br \/>\nMaterial: Bronze<br \/>\nLeichte, kleine, handliche Broschen f\u00fcr den t\u00e4glichen Gebrauch.<\/p>\n","protected":false},"excerpt":{"rendered":"<p>Broschenreplik Typ R640.<br \/>\nGewicht: 15 Gramm<br \/>\nMaterial: Bronze<br \/>\nLeichte, kleine, handliche Broschen f\u00fcr den t\u00e4glichen Gebrauch.<\/p>\n","protected":false},"featured_media":9019,"template":"","meta":{"_mi_skip_tracking":false},"product_cat":[40,86],"product_tag":[],"_links":{"self":[{"href":"https:\/\/szepczacekruki.pl\/de\/wp-json\/wp\/v2\/product\/8032"}],"collection":[{"href":"https:\/\/szepczacekruki.pl\/de\/wp-json\/wp\/v2\/product"}],"about":[{"href":"https:\/\/szepczacekruki.pl\/de\/wp-json\/wp\/v2\/types\/product"}],"wp:featuredmedia":[{"embeddable":true,"href":"https:\/\/szepczacekruki.pl\/de\/wp-json\/wp\/v2\/media\/9019"}],"wp:attachment":[{"href":"https:\/\/szepczacekruki.pl\/de\/wp-json\/wp\/v2\/media?parent=8032"}],"wp:term":[{"taxonomy":"product_cat","embeddable":true,"href":"https:\/\/szepczacekruki.pl\/de\/wp-json\/wp\/v2\/product_cat?post=8032"},{"taxonomy":"product_tag","embeddable":true,"href":"https:\/\/szepczacekruki.pl\/de\/wp-json\/wp\/v2\/product_tag?post=8032"}],"curies":[{"name":"wp","href":"https:\/\/api.w.org\/{rel}","templated":true}]}}