{"id":8242,"date":"2024-01-23T23:13:14","date_gmt":"2024-01-23T23:13:17","guid":{"rendered":"https:\/\/szepczacekruki.pl\/?post_type=product&#038;p=8242"},"modified":"2024-01-26T17:11:34","modified_gmt":"2024-01-26T17:11:34","slug":"lederkappe-kopia-kopia","status":"publish","type":"product","link":"https:\/\/szepczacekruki.pl\/de\/nachbildung-der-mittelalterlichen-wikinger\/lederkappe-kopia-kopia\/","title":{"rendered":"Lederkappe. (Kopia) (Kopia)"},"content":{"rendered":"<p>Wir n\u00e4hen in jeder Gr\u00f6\u00dfe, Farbe und Ausf\u00fchrung.<\/p>\n","protected":false},"excerpt":{"rendered":"<p>Wir n\u00e4hen in jeder Gr\u00f6\u00dfe, Farbe und Ausf\u00fchrung.<\/p>\n","protected":false},"featured_media":8240,"template":"","meta":{"_mi_skip_tracking":false},"product_cat":[239,196,167],"product_tag":[],"_links":{"self":[{"href":"https:\/\/szepczacekruki.pl\/de\/wp-json\/wp\/v2\/product\/8242"}],"collection":[{"href":"https:\/\/szepczacekruki.pl\/de\/wp-json\/wp\/v2\/product"}],"about":[{"href":"https:\/\/szepczacekruki.pl\/de\/wp-json\/wp\/v2\/types\/product"}],"wp:featuredmedia":[{"embeddable":true,"href":"https:\/\/szepczacekruki.pl\/de\/wp-json\/wp\/v2\/media\/8240"}],"wp:attachment":[{"href":"https:\/\/szepczacekruki.pl\/de\/wp-json\/wp\/v2\/media?parent=8242"}],"wp:term":[{"taxonomy":"product_cat","embeddable":true,"href":"https:\/\/szepczacekruki.pl\/de\/wp-json\/wp\/v2\/product_cat?post=8242"},{"taxonomy":"product_tag","embeddable":true,"href":"https:\/\/szepczacekruki.pl\/de\/wp-json\/wp\/v2\/product_tag?post=8242"}],"curies":[{"name":"wp","href":"https:\/\/api.w.org\/{rel}","templated":true}]}}