{"id":8249,"date":"2024-01-23T23:26:29","date_gmt":"2024-01-23T23:26:47","guid":{"rendered":"https:\/\/szepczacekruki.pl\/?post_type=product&#038;p=8249"},"modified":"2024-01-26T16:28:47","modified_gmt":"2024-01-26T16:28:47","slug":"gefilzte-wollmutze-kopia","status":"publish","type":"product","link":"https:\/\/szepczacekruki.pl\/de\/nachbildung-der-mittelalterlichen-wikinger\/gefilzte-wollmutze-kopia\/","title":{"rendered":"Gefilzte Wollm\u00fctze. (Kopia)"},"content":{"rendered":"<p><span class=\"gmail-tlid-translation gmail-translation\"><span class=\"gmail-\">Gefilzte Wollm\u00fctze.<\/span><br \/>\nMaterial: 100% Wolle<br \/>\n<span class=\"gmail-\">Kappenumf\u00e4nge: volle Gr\u00f6\u00dfe<\/span><br \/>\n<span class=\"gmail-\">Gegen eine zus\u00e4tzliche Geb\u00fchr kann der Hut am Umfang mit Fell oder anderem Material (Seide, Leinen) verziert werden.<\/span><br \/>\n<span class=\"gmail-alt-edited\">Volle Farbpalette.<\/span><\/span><\/p>\n","protected":false},"excerpt":{"rendered":"<p><span class=\"gmail-tlid-translation gmail-translation\"><span class=\"gmail-\">Gefilzte Wollm\u00fctze.<\/span><br \/>\nMaterial: 100% Wolle<br \/>\n<span class=\"gmail-\">Gegen eine zus\u00e4tzliche Geb\u00fchr kann der Hut am Umfang mit Fell oder anderem Material (Seide, Leinen) verziert werden.<\/span><br \/>\n<span class=\"gmail-\">Kappenumf\u00e4nge: volle Gr\u00f6\u00dfe<\/span><br \/>\n<span class=\"gmail-alt-edited\">Volle Farbpalette.<\/span><\/span><\/p>\n","protected":false},"featured_media":8253,"template":"","meta":{"_mi_skip_tracking":false},"product_cat":[239,196,167],"product_tag":[],"_links":{"self":[{"href":"https:\/\/szepczacekruki.pl\/de\/wp-json\/wp\/v2\/product\/8249"}],"collection":[{"href":"https:\/\/szepczacekruki.pl\/de\/wp-json\/wp\/v2\/product"}],"about":[{"href":"https:\/\/szepczacekruki.pl\/de\/wp-json\/wp\/v2\/types\/product"}],"wp:featuredmedia":[{"embeddable":true,"href":"https:\/\/szepczacekruki.pl\/de\/wp-json\/wp\/v2\/media\/8253"}],"wp:attachment":[{"href":"https:\/\/szepczacekruki.pl\/de\/wp-json\/wp\/v2\/media?parent=8249"}],"wp:term":[{"taxonomy":"product_cat","embeddable":true,"href":"https:\/\/szepczacekruki.pl\/de\/wp-json\/wp\/v2\/product_cat?post=8249"},{"taxonomy":"product_tag","embeddable":true,"href":"https:\/\/szepczacekruki.pl\/de\/wp-json\/wp\/v2\/product_tag?post=8249"}],"curies":[{"name":"wp","href":"https:\/\/api.w.org\/{rel}","templated":true}]}}