{"id":8268,"date":"2024-01-23T23:40:52","date_gmt":"2024-01-23T23:41:06","guid":{"rendered":"https:\/\/szepczacekruki.pl\/?post_type=product&#038;p=8268"},"modified":"2024-02-02T22:53:12","modified_gmt":"2024-02-02T22:53:12","slug":"gefilzte-wollmutze-14","status":"publish","type":"product","link":"https:\/\/szepczacekruki.pl\/de\/nachbildung-der-mittelalterlichen-wikinger\/gefilzte-wollmutze-14\/","title":{"rendered":"Gefilzte Wollm\u00fctze."},"content":{"rendered":"<p>Gefilzte Wollm\u00fctze.<br \/>\nMaterial: 100% Wolle<br \/>\nKappenumf\u00e4nge: volle Gr\u00f6\u00dfe<br \/>\nGegen eine zus\u00e4tzliche Geb\u00fchr kann der Hut am Umfang mit Fell oder anderem Material (Seide, Leinen) verziert werden.<br \/>\nVolle Farbpalette.<\/p>\n","protected":false},"excerpt":{"rendered":"<p>Gefilzte Wollm\u00fctze.<br \/>\nMaterial: 100% Wolle<br \/>\nKappenumf\u00e4nge: volle Gr\u00f6\u00dfe<br \/>\nGegen eine zus\u00e4tzliche Geb\u00fchr kann der Hut am Umfang mit Fell oder anderem Material (Seide, Leinen) verziert werden.<br \/>\nVolle Farbpalette.<\/p>\n","protected":false},"featured_media":8272,"template":"","meta":{"_mi_skip_tracking":false},"product_cat":[239,196,167],"product_tag":[],"_links":{"self":[{"href":"https:\/\/szepczacekruki.pl\/de\/wp-json\/wp\/v2\/product\/8268"}],"collection":[{"href":"https:\/\/szepczacekruki.pl\/de\/wp-json\/wp\/v2\/product"}],"about":[{"href":"https:\/\/szepczacekruki.pl\/de\/wp-json\/wp\/v2\/types\/product"}],"wp:featuredmedia":[{"embeddable":true,"href":"https:\/\/szepczacekruki.pl\/de\/wp-json\/wp\/v2\/media\/8272"}],"wp:attachment":[{"href":"https:\/\/szepczacekruki.pl\/de\/wp-json\/wp\/v2\/media?parent=8268"}],"wp:term":[{"taxonomy":"product_cat","embeddable":true,"href":"https:\/\/szepczacekruki.pl\/de\/wp-json\/wp\/v2\/product_cat?post=8268"},{"taxonomy":"product_tag","embeddable":true,"href":"https:\/\/szepczacekruki.pl\/de\/wp-json\/wp\/v2\/product_tag?post=8268"}],"curies":[{"name":"wp","href":"https:\/\/api.w.org\/{rel}","templated":true}]}}