{"id":8281,"date":"2024-01-23T23:52:27","date_gmt":"2024-01-23T23:52:36","guid":{"rendered":"https:\/\/szepczacekruki.pl\/?post_type=product&#038;p=8281"},"modified":"2024-02-02T22:57:03","modified_gmt":"2024-02-02T22:57:03","slug":"eine-kappe-von-izbornik-swiatoslaw-kiewer-rus-2","status":"publish","type":"product","link":"https:\/\/szepczacekruki.pl\/de\/nachbildung-der-mittelalterlichen-wikinger\/eine-kappe-von-izbornik-swiatoslaw-kiewer-rus-2\/","title":{"rendered":"Eine Kappe von Izbornik \u015awiatos\u0142aw. Kiewer Rus."},"content":{"rendered":"<p>Eine Kappe von Izbornik \u015awiatos\u0142aw. Kiewer Rus.<br \/>\nRekonstruktion einer Kappe aus einem der beiden Codes von &#8220;Izborniki \u015awiatos\u0142awa&#8221; aus dem 11. Jahrhundert (1073)<br \/>\nDie Miniatur zeigt die Familie des F\u00fcrsten Swjatoslaw und wahrscheinlich seiner H\u00f6flinge.<br \/>\nDer Miniaturhut hat die Form eines Bowlers aus Filzwolle (?) Mit Pelzbesatz (?) Und Ohrenklappen (?).<br \/>\nDa sich die Miniatur nicht in bestem Zustand befindet, k\u00f6nnen Sie die genauen Details der Kappenkonstruktion nicht sehen.<br \/>\nEs ist auch unbekannt, wie die Kappe auf der R\u00fcckseite aussah.<br \/>\nIch habe den Hut aus Naturwolle von Hand gefilzt und mit Biberfell besetzt.<br \/>\nOhrensch\u00fctzer sind mit einer Bronze-Beule befestigt.<br \/>\nIch mache Kappen auf Gr\u00f6\u00dfe und in jeder Farbe. <\/p>\n","protected":false},"excerpt":{"rendered":"<p>Rekonstruktion des Hutes aus dem 11. Jahrhundert. Kiewer Rus (Izbornik Swiatos\u0142awa). Wollfilzkappe.<br \/>\nMaterial: 100% Wolle<br \/>\nKappenumfang: volle Gr\u00f6\u00dfe<br \/>\nVollfarbpalette. Nerzfell oder anderes Fell, wie vom Kunden gew\u00fcnscht.<\/p>\n","protected":false},"featured_media":8285,"template":"","meta":{"_mi_skip_tracking":false},"product_cat":[239,196,167],"product_tag":[],"_links":{"self":[{"href":"https:\/\/szepczacekruki.pl\/de\/wp-json\/wp\/v2\/product\/8281"}],"collection":[{"href":"https:\/\/szepczacekruki.pl\/de\/wp-json\/wp\/v2\/product"}],"about":[{"href":"https:\/\/szepczacekruki.pl\/de\/wp-json\/wp\/v2\/types\/product"}],"wp:featuredmedia":[{"embeddable":true,"href":"https:\/\/szepczacekruki.pl\/de\/wp-json\/wp\/v2\/media\/8285"}],"wp:attachment":[{"href":"https:\/\/szepczacekruki.pl\/de\/wp-json\/wp\/v2\/media?parent=8281"}],"wp:term":[{"taxonomy":"product_cat","embeddable":true,"href":"https:\/\/szepczacekruki.pl\/de\/wp-json\/wp\/v2\/product_cat?post=8281"},{"taxonomy":"product_tag","embeddable":true,"href":"https:\/\/szepczacekruki.pl\/de\/wp-json\/wp\/v2\/product_tag?post=8281"}],"curies":[{"name":"wp","href":"https:\/\/api.w.org\/{rel}","templated":true}]}}