{"id":8415,"date":"2024-01-31T22:52:08","date_gmt":"2024-01-31T22:52:08","guid":{"rendered":"https:\/\/szepczacekruki.pl\/wikingowie-wczesne-sredniowiecze-replika\/ring-nachbildung-aus-maslowice-kaldus-polen\/"},"modified":"2024-02-02T23:26:06","modified_gmt":"2024-02-02T23:26:06","slug":"ring-nachbildung-aus-maslowice-kaldus-polen","status":"publish","type":"product","link":"https:\/\/szepczacekruki.pl\/de\/nachbildung-der-mittelalterlichen-wikinger\/ring-nachbildung-aus-maslowice-kaldus-polen\/","title":{"rendered":"Ring. Nachbildung aus Mas\u0142owice, Ka\u0142dus (Polen)."},"content":{"rendered":"","protected":false},"excerpt":{"rendered":"<p>Ring. Nachbildung aus Mas\u0142owice, Ka\u0142dus (Polen).<br \/>\nFr\u00fches Mittelalter.<br \/>\nMaterial: Bronze, versilberte Bronze, vergoldete Bronze<br \/>\nGr\u00f6\u00dfenverstellbar.<\/p>\n","protected":false},"featured_media":8536,"template":"","meta":{"_mi_skip_tracking":false},"product_cat":[304,40],"product_tag":[],"_links":{"self":[{"href":"https:\/\/szepczacekruki.pl\/de\/wp-json\/wp\/v2\/product\/8415"}],"collection":[{"href":"https:\/\/szepczacekruki.pl\/de\/wp-json\/wp\/v2\/product"}],"about":[{"href":"https:\/\/szepczacekruki.pl\/de\/wp-json\/wp\/v2\/types\/product"}],"wp:featuredmedia":[{"embeddable":true,"href":"https:\/\/szepczacekruki.pl\/de\/wp-json\/wp\/v2\/media\/8536"}],"wp:attachment":[{"href":"https:\/\/szepczacekruki.pl\/de\/wp-json\/wp\/v2\/media?parent=8415"}],"wp:term":[{"taxonomy":"product_cat","embeddable":true,"href":"https:\/\/szepczacekruki.pl\/de\/wp-json\/wp\/v2\/product_cat?post=8415"},{"taxonomy":"product_tag","embeddable":true,"href":"https:\/\/szepczacekruki.pl\/de\/wp-json\/wp\/v2\/product_tag?post=8415"}],"curies":[{"name":"wp","href":"https:\/\/api.w.org\/{rel}","templated":true}]}}