{"id":8583,"date":"2024-02-01T20:49:27","date_gmt":"2024-02-01T20:49:27","guid":{"rendered":"https:\/\/szepczacekruki.pl\/wikingowie-wczesne-sredniowiecze-replika\/ring-nachbildung-aus-maslowicedebina-polen-fruhes-mittelalter\/"},"modified":"2025-11-26T20:16:12","modified_gmt":"2025-11-26T20:16:12","slug":"ring-nachbildung-aus-maslowicedebina-polen-fruhes-mittelalter","status":"publish","type":"product","link":"https:\/\/szepczacekruki.pl\/de\/nachbildung-der-mittelalterlichen-wikinger\/ring-nachbildung-aus-maslowicedebina-polen-fruhes-mittelalter\/","title":{"rendered":"Ring. Nachbildung aus Mas\u0142owice,D\u0119bina (Polen). Fr\u00fches Mittelalter."},"content":{"rendered":"","protected":false},"excerpt":{"rendered":"<p>Ring. Nachbildung aus Mas\u0142owice,D\u0119bina (Polen).<br \/>\nFr\u00fches Mittelalter.<br \/>\nMaterial: Bronze, versilberte Bronze, vergoldete Bronze<br \/>\nGr\u00f6\u00dfenverstellbar.<\/p>\n","protected":false},"featured_media":8580,"template":"","meta":{"_mi_skip_tracking":false},"product_cat":[304,40],"product_tag":[],"_links":{"self":[{"href":"https:\/\/szepczacekruki.pl\/de\/wp-json\/wp\/v2\/product\/8583"}],"collection":[{"href":"https:\/\/szepczacekruki.pl\/de\/wp-json\/wp\/v2\/product"}],"about":[{"href":"https:\/\/szepczacekruki.pl\/de\/wp-json\/wp\/v2\/types\/product"}],"wp:featuredmedia":[{"embeddable":true,"href":"https:\/\/szepczacekruki.pl\/de\/wp-json\/wp\/v2\/media\/8580"}],"wp:attachment":[{"href":"https:\/\/szepczacekruki.pl\/de\/wp-json\/wp\/v2\/media?parent=8583"}],"wp:term":[{"taxonomy":"product_cat","embeddable":true,"href":"https:\/\/szepczacekruki.pl\/de\/wp-json\/wp\/v2\/product_cat?post=8583"},{"taxonomy":"product_tag","embeddable":true,"href":"https:\/\/szepczacekruki.pl\/de\/wp-json\/wp\/v2\/product_tag?post=8583"}],"curies":[{"name":"wp","href":"https:\/\/api.w.org\/{rel}","templated":true}]}}