{"id":8655,"date":"2024-02-01T23:30:53","date_gmt":"2024-02-01T23:30:53","guid":{"rendered":"https:\/\/szepczacekruki.pl\/wikingowie-wczesne-sredniowiecze-replika\/replik-einer-dreiblattrigen-brosche-aus-deutschland-altlubeck\/"},"modified":"2025-11-26T19:31:30","modified_gmt":"2025-11-26T19:31:30","slug":"replik-einer-dreiblattrigen-brosche-aus-deutschland-altlubeck","status":"publish","type":"product","link":"https:\/\/szepczacekruki.pl\/de\/nachbildung-der-mittelalterlichen-wikinger\/replik-einer-dreiblattrigen-brosche-aus-deutschland-altlubeck\/","title":{"rendered":"Replik einer dreibl\u00e4ttrigen Brosche aus Deutschland (Altl\u00fcbeck)"},"content":{"rendered":"","protected":false},"excerpt":{"rendered":"<p>Replik einer dreibl\u00e4ttrigen Brosche aus Deutschland (Altl\u00fcbeck)<br \/>\nDatierung: 9. Jahrhundert<br \/>\nMaterial: Bronze, versilberte Bronze, vergoldete Bronze<br \/>\nMa\u00dfe: 8 cm<\/p>\n","protected":false},"featured_media":8649,"template":"","meta":{"_mi_skip_tracking":false},"product_cat":[40,80],"product_tag":[],"_links":{"self":[{"href":"https:\/\/szepczacekruki.pl\/de\/wp-json\/wp\/v2\/product\/8655"}],"collection":[{"href":"https:\/\/szepczacekruki.pl\/de\/wp-json\/wp\/v2\/product"}],"about":[{"href":"https:\/\/szepczacekruki.pl\/de\/wp-json\/wp\/v2\/types\/product"}],"wp:featuredmedia":[{"embeddable":true,"href":"https:\/\/szepczacekruki.pl\/de\/wp-json\/wp\/v2\/media\/8649"}],"wp:attachment":[{"href":"https:\/\/szepczacekruki.pl\/de\/wp-json\/wp\/v2\/media?parent=8655"}],"wp:term":[{"taxonomy":"product_cat","embeddable":true,"href":"https:\/\/szepczacekruki.pl\/de\/wp-json\/wp\/v2\/product_cat?post=8655"},{"taxonomy":"product_tag","embeddable":true,"href":"https:\/\/szepczacekruki.pl\/de\/wp-json\/wp\/v2\/product_tag?post=8655"}],"curies":[{"name":"wp","href":"https:\/\/api.w.org\/{rel}","templated":true}]}}