{"id":8715,"date":"2024-02-02T10:14:30","date_gmt":"2024-02-02T10:14:30","guid":{"rendered":"https:\/\/szepczacekruki.pl\/wikingowie-wczesne-sredniowiecze-replika\/anhanger-nachbildung-von-danilow-maly\/"},"modified":"2025-11-26T20:14:59","modified_gmt":"2025-11-26T20:14:59","slug":"anhanger-nachbildung-von-danilow-maly","status":"publish","type":"product","link":"https:\/\/szepczacekruki.pl\/de\/nachbildung-der-mittelalterlichen-wikinger\/anhanger-nachbildung-von-danilow-maly\/","title":{"rendered":"Anh\u00e4nger. Nachbildung von Dani\u0142\u00f3w Ma\u0142y."},"content":{"rendered":"","protected":false},"excerpt":{"rendered":"<p>Anh\u00e4nger. Nachbildung von Dani\u0142\u00f3w Ma\u0142y.<br \/>\nDie Halskette aus Grab Nr. 9 bestand aus: Glas- und Metallperlen, 7 mondf\u00f6rmigen Anh\u00e4ngern (Lunul), 5 Kreuzen, 6 Anh\u00e4ngern<br \/>\nMaterial: Bronze. Versilberung oder Vergoldung ist m\u00f6glich. Der Preis gilt f\u00fcr 1 Bronzeanh\u00e4nger.<\/p>\n","protected":false},"featured_media":8707,"template":"","meta":{"_mi_skip_tracking":false},"product_cat":[40,193],"product_tag":[],"_links":{"self":[{"href":"https:\/\/szepczacekruki.pl\/de\/wp-json\/wp\/v2\/product\/8715"}],"collection":[{"href":"https:\/\/szepczacekruki.pl\/de\/wp-json\/wp\/v2\/product"}],"about":[{"href":"https:\/\/szepczacekruki.pl\/de\/wp-json\/wp\/v2\/types\/product"}],"wp:featuredmedia":[{"embeddable":true,"href":"https:\/\/szepczacekruki.pl\/de\/wp-json\/wp\/v2\/media\/8707"}],"wp:attachment":[{"href":"https:\/\/szepczacekruki.pl\/de\/wp-json\/wp\/v2\/media?parent=8715"}],"wp:term":[{"taxonomy":"product_cat","embeddable":true,"href":"https:\/\/szepczacekruki.pl\/de\/wp-json\/wp\/v2\/product_cat?post=8715"},{"taxonomy":"product_tag","embeddable":true,"href":"https:\/\/szepczacekruki.pl\/de\/wp-json\/wp\/v2\/product_tag?post=8715"}],"curies":[{"name":"wp","href":"https:\/\/api.w.org\/{rel}","templated":true}]}}