{"id":8951,"date":"2024-02-10T19:07:13","date_gmt":"2024-02-10T19:07:13","guid":{"rendered":"https:\/\/szepczacekruki.pl\/wikingowie-wczesne-sredniowiecze-replika\/kreuz-von-danilowo-male\/"},"modified":"2024-02-10T19:07:13","modified_gmt":"2024-02-10T19:07:13","slug":"kreuz-von-danilowo-male","status":"publish","type":"product","link":"https:\/\/szepczacekruki.pl\/de\/nachbildung-der-mittelalterlichen-wikinger\/kreuz-von-danilowo-male\/","title":{"rendered":"Kreuz von Dani\u0142owo Ma\u0142e."},"content":{"rendered":"","protected":false},"excerpt":{"rendered":"<p>Kreuz von Dani\u0142owo Ma\u0142e.<br \/>\nDatierung: fr\u00fches Mittelalter<br \/>\nAbmessungen: 35 mm x 30 mm<br \/>\nMaterial: Bronze, versilberte Bronze, vergoldet.  Der Preis gilt f\u00fcr ein Bronzekreuz.<\/p>\n","protected":false},"featured_media":8947,"template":"","meta":{"_mi_skip_tracking":false},"product_cat":[305,40],"product_tag":[],"_links":{"self":[{"href":"https:\/\/szepczacekruki.pl\/de\/wp-json\/wp\/v2\/product\/8951"}],"collection":[{"href":"https:\/\/szepczacekruki.pl\/de\/wp-json\/wp\/v2\/product"}],"about":[{"href":"https:\/\/szepczacekruki.pl\/de\/wp-json\/wp\/v2\/types\/product"}],"wp:featuredmedia":[{"embeddable":true,"href":"https:\/\/szepczacekruki.pl\/de\/wp-json\/wp\/v2\/media\/8947"}],"wp:attachment":[{"href":"https:\/\/szepczacekruki.pl\/de\/wp-json\/wp\/v2\/media?parent=8951"}],"wp:term":[{"taxonomy":"product_cat","embeddable":true,"href":"https:\/\/szepczacekruki.pl\/de\/wp-json\/wp\/v2\/product_cat?post=8951"},{"taxonomy":"product_tag","embeddable":true,"href":"https:\/\/szepczacekruki.pl\/de\/wp-json\/wp\/v2\/product_tag?post=8951"}],"curies":[{"name":"wp","href":"https:\/\/api.w.org\/{rel}","templated":true}]}}