{"id":9505,"date":"2026-01-27T20:47:36","date_gmt":"2026-01-27T20:47:36","guid":{"rendered":"https:\/\/szepczacekruki.pl\/wikingowie-wczesne-sredniowiecze-replika\/dekoration-fuer-ein-banner-fruehes-mittelalter\/"},"modified":"2026-01-27T20:47:36","modified_gmt":"2026-01-27T20:47:36","slug":"dekoration-fuer-ein-banner-fruehes-mittelalter","status":"publish","type":"product","link":"https:\/\/szepczacekruki.pl\/de\/nachbildung-der-mittelalterlichen-wikinger\/dekoration-fuer-ein-banner-fruehes-mittelalter\/","title":{"rendered":"Dekoration f\u00fcr ein Banner. Fr\u00fches Mittelalter."},"content":{"rendered":"<p>Dekoration f\u00fcr ein Banner. Fr\u00fches Mittelalter.<br \/>\nMaterial: Bronze<br \/>\nM\u00f6glichkeit, ein Banner mit beliebigem Muster zu n\u00e4hen oder zu filzen.<\/p>\n","protected":false},"excerpt":{"rendered":"<p>Dekoration f\u00fcr ein Banner. Fr\u00fches Mittelalter.<br \/>\nMaterial: Bronze<br \/>\nM\u00f6glichkeit, ein Banner mit beliebigem Muster zu n\u00e4hen oder zu filzen.<\/p>\n","protected":false},"featured_media":9434,"template":"","meta":{"_mi_skip_tracking":false},"product_cat":[40,43,120],"product_tag":[],"_links":{"self":[{"href":"https:\/\/szepczacekruki.pl\/de\/wp-json\/wp\/v2\/product\/9505"}],"collection":[{"href":"https:\/\/szepczacekruki.pl\/de\/wp-json\/wp\/v2\/product"}],"about":[{"href":"https:\/\/szepczacekruki.pl\/de\/wp-json\/wp\/v2\/types\/product"}],"wp:featuredmedia":[{"embeddable":true,"href":"https:\/\/szepczacekruki.pl\/de\/wp-json\/wp\/v2\/media\/9434"}],"wp:attachment":[{"href":"https:\/\/szepczacekruki.pl\/de\/wp-json\/wp\/v2\/media?parent=9505"}],"wp:term":[{"taxonomy":"product_cat","embeddable":true,"href":"https:\/\/szepczacekruki.pl\/de\/wp-json\/wp\/v2\/product_cat?post=9505"},{"taxonomy":"product_tag","embeddable":true,"href":"https:\/\/szepczacekruki.pl\/de\/wp-json\/wp\/v2\/product_tag?post=9505"}],"curies":[{"name":"wp","href":"https:\/\/api.w.org\/{rel}","templated":true}]}}