{"id":1182,"date":"2018-02-16T11:16:46","date_gmt":"2018-02-16T11:17:51","guid":{"rendered":"https:\/\/szepczacekruki.pl\/?post_type=product&#038;p=1182"},"modified":"2023-02-07T11:15:13","modified_gmt":"2023-02-07T11:15:13","slug":"replica-belt-set-from-sarkel-bielaja-wieza-rus","status":"publish","type":"product","link":"https:\/\/szepczacekruki.pl\/en\/viking-replica-jewelry-slavic\/replica-belt-set-from-sarkel-bielaja-wieza-rus\/","title":{"rendered":"Replica. Belt Set from Sarkel (Bie\u0142aja Wie\u017ca). Rus"},"content":{"rendered":"<p>Replica. Belt Set from Sarkel (Bie\u0142aja Wie\u017ca). Rus<\/p>\n<p>Dating of: XI<\/p>\n<p>Place of discovery: Sarkel (Bie\u0142aja Wie\u017ca). Rus<\/p>\n<p>Dimensions: 25 mm<\/p>\n<p>Material: bronze<\/p>\n<p>Elements of the set: buckle, strap-end, 52 pcs. strap-mounts<\/p>\n<p>Belt consists of 54 elements<\/p>\n<p>(The possibility of silvering, gilding bronze)<\/p>\n<p>The length of the belt \u00a0we adjust to the waist of the customer.<\/p>\n<p>Skin color light \/ dark brown<\/p>\n<p>It is possible to purchase fittings for self-assembly.<\/p>\n","protected":false},"excerpt":{"rendered":"<p>Replica. Belt Set from Sarkel (Bie\u0142aja Wie\u017ca). Rus. Dating of: XI. Place of discovery: Sarkel (Bie\u0142aja Wie\u017ca). Rus<\/p>\n","protected":false},"featured_media":2711,"template":"","meta":{"_mi_skip_tracking":false},"product_cat":[39,103],"product_tag":[],"_links":{"self":[{"href":"https:\/\/szepczacekruki.pl\/en\/wp-json\/wp\/v2\/product\/1182"}],"collection":[{"href":"https:\/\/szepczacekruki.pl\/en\/wp-json\/wp\/v2\/product"}],"about":[{"href":"https:\/\/szepczacekruki.pl\/en\/wp-json\/wp\/v2\/types\/product"}],"wp:featuredmedia":[{"embeddable":true,"href":"https:\/\/szepczacekruki.pl\/en\/wp-json\/wp\/v2\/media\/2711"}],"wp:attachment":[{"href":"https:\/\/szepczacekruki.pl\/en\/wp-json\/wp\/v2\/media?parent=1182"}],"wp:term":[{"taxonomy":"product_cat","embeddable":true,"href":"https:\/\/szepczacekruki.pl\/en\/wp-json\/wp\/v2\/product_cat?post=1182"},{"taxonomy":"product_tag","embeddable":true,"href":"https:\/\/szepczacekruki.pl\/en\/wp-json\/wp\/v2\/product_tag?post=1182"}],"curies":[{"name":"wp","href":"https:\/\/api.w.org\/{rel}","templated":true}]}}